{"id":3065,"date":"2020-12-30T19:02:36","date_gmt":"2020-12-30T17:02:36","guid":{"rendered":"https:\/\/classic-uptodate.com\/?page_id=3065"},"modified":"2025-11-08T19:30:43","modified_gmt":"2025-11-08T17:30:43","slug":"proje","status":"publish","type":"page","link":"https:\/\/classic-uptodate.com\/tr\/proje\/","title":{"rendered":"Proje"},"content":{"rendered":"<hr \/>\r\n<div class=\"alignright\"><img loading=\"lazy\" decoding=\"async\" class=\"wp-image-2703 size-medium\" src=\"https:\/\/classic-uptodate.com\/wp-content\/uploads\/2024\/11\/spotify-glenn.jpg\" alt=\"\" width=\"168\" height=\"300\" \/><\/div>\r\n<h2><b>Klasik ve popun bulu\u015fmas\u0131!<\/b><\/h2>\r\n<p>Bu kadar harika klasik besteleri yeni bir yorumla sunman\u0131n riskinin fark\u0131nday\u0131m. Ancak benim i\u00e7in bu, onlar\u0131 d\u00fcnyaya kazand\u0131ran t\u00fcm b\u00fcy\u00fck yarat\u0131c\u0131 zihinlere derin bir sayg\u0131 duru\u015fu niteli\u011finde.<br \/><br \/>Ben de Bach hayran\u0131y\u0131m ve bu al\u0131\u015f\u0131lmad\u0131k y\u00f6ntemi kullanarak bu \u201czor\u201d eserleri ilgilenen herkese daha yak\u0131n hale getirmek istiyorum.<\/p>\r\n<p>&nbsp;<\/p>\r\n<p>&nbsp;<\/p>\r\n<hr \/>\r\n<p><img loading=\"lazy\" decoding=\"async\" class=\"wp-image-1774 size-medium alignleft\" src=\"http:\/\/classic-uptodate.com\/wp-content\/uploads\/2014\/01\/image-1-300x285.jpg\" alt=\"\" width=\"300\" height=\"285\" srcset=\"https:\/\/classic-uptodate.com\/wp-content\/uploads\/2014\/01\/image-1-300x285.jpg 300w, https:\/\/classic-uptodate.com\/wp-content\/uploads\/2014\/01\/image-1-768x728.jpg 768w, https:\/\/classic-uptodate.com\/wp-content\/uploads\/2014\/01\/image-1-400x379.jpg 400w, https:\/\/classic-uptodate.com\/wp-content\/uploads\/2014\/01\/image-1-900x854.jpg 900w, https:\/\/classic-uptodate.com\/wp-content\/uploads\/2014\/01\/image-1-24x24.jpg 24w, https:\/\/classic-uptodate.com\/wp-content\/uploads\/2014\/01\/image-1-36x34.jpg 36w, https:\/\/classic-uptodate.com\/wp-content\/uploads\/2014\/01\/image-1-48x46.jpg 48w, https:\/\/classic-uptodate.com\/wp-content\/uploads\/2014\/01\/image-1.jpg 949w\" sizes=\"auto, (max-width: 300px) 100vw, 300px\" \/><\/p>\r\n<p>classic-uptodate, klasik m\u00fczi\u011fi ritmik pop m\u00fczi\u011fi ve pop sesleriyle birle\u015ftirir, t\u0131pk\u0131 <b>James Last<\/b>, <b>Andr\u00e9 Rieu<\/b> gibi bir\u00e7ok harika Avrupa orkestras\u0131 veya <b>Andrea Bocelli<\/b>, <b>Pl\u00e1cido Domingo<\/b>, <b>Sarah Brightman<\/b>, kemanc\u0131lar <b>Nigel Kennedy<\/b>, <b>Vanessa-Mae<\/b> ve <b>David Garrett<\/b> gibi her biri kendine \u00f6zg\u00fc tarz\u0131 olan sanat\u00e7\u0131lar gibi.<\/p>\r\n<p>Dinlemenin keyfini \u00e7\u0131kar\u0131n! Glenn Focus<\/p>\r\n<p><br \/><br \/><a id=\"ProductInfoArtistLink\" class=\"a-size-medium a-link-normal\" style=\"color: #000000;\" href=\"https:\/\/www.amazon.com\/-\/de\/dp\/B00GN6XC78\/ref=dm_ws_ps_adp\"><\/a><\/p>\r\n\r\n<p>&nbsp;<\/p>\r\n","protected":false},"excerpt":{"rendered":"<p>Klasik ve popun bulu\u015fmas\u0131! Bu kadar harika klasik besteleri yeni bir yorumla sunman\u0131n riskinin fark\u0131nday\u0131m. Ancak benim i\u00e7in bu, onlar\u0131 d\u00fcnyaya kazand\u0131ran t\u00fcm b\u00fcy\u00fck yarat\u0131c\u0131 zihinlere derin bir sayg\u0131 duru\u015fu niteli\u011finde. Ben de Bach hayran\u0131y\u0131m ve bu al\u0131\u015f\u0131lmad\u0131k y\u00f6ntemi kullanarak bu \u201czor\u201d eserleri ilgilenen herkese daha yak\u0131n hale getirmek istiyorum. &nbsp; &nbsp; classic-uptodate, klasik m\u00fczi\u011fi [&hellip;]<\/p>\n","protected":false},"author":4,"featured_media":0,"parent":0,"menu_order":0,"comment_status":"closed","ping_status":"closed","template":"","meta":{"footnotes":""},"class_list":["post-3065","page","type-page","status-publish","hentry"],"yoast_head":"<!-- This site is optimized with the Yoast SEO plugin v26.3 - https:\/\/yoast.com\/wordpress\/plugins\/seo\/ -->\n<title>Proje - classic uptodate<\/title>\n<meta name=\"description\" content=\"Classical music with a modern edge\" \/>\n<meta name=\"robots\" content=\"index, follow, max-snippet:-1, max-image-preview:large, max-video-preview:-1\" \/>\n<link rel=\"canonical\" href=\"https:\/\/classic-uptodate.com\/tr\/proje\/\" \/>\n<meta property=\"og:locale\" content=\"tr_TR\" \/>\n<meta property=\"og:type\" content=\"article\" \/>\n<meta property=\"og:title\" content=\"Proje - classic uptodate\" \/>\n<meta property=\"og:description\" content=\"Classical music with a modern edge\" \/>\n<meta property=\"og:url\" content=\"https:\/\/classic-uptodate.com\/tr\/proje\/\" \/>\n<meta property=\"og:site_name\" content=\"classic uptodate\" \/>\n<meta property=\"article:modified_time\" content=\"2025-11-08T17:30:43+00:00\" \/>\n<meta property=\"og:image\" content=\"https:\/\/classic-uptodate.com\/wp-content\/uploads\/2020\/10\/image-1-scaled.jpg\" \/>\n\t<meta property=\"og:image:width\" content=\"1438\" \/>\n\t<meta property=\"og:image:height\" content=\"2560\" \/>\n\t<meta property=\"og:image:type\" content=\"image\/jpeg\" \/>\n<meta name=\"twitter:card\" content=\"summary_large_image\" \/>\n<meta name=\"twitter:label1\" content=\"Est. reading time\" \/>\n\t<meta name=\"twitter:data1\" content=\"1 minute\" \/>\n<script type=\"application\/ld+json\" class=\"yoast-schema-graph\">{\"@context\":\"https:\/\/schema.org\",\"@graph\":[{\"@type\":\"WebPage\",\"@id\":\"https:\/\/classic-uptodate.com\/tr\/proje\/\",\"url\":\"https:\/\/classic-uptodate.com\/tr\/proje\/\",\"name\":\"Proje - classic uptodate\",\"isPartOf\":{\"@id\":\"https:\/\/classic-uptodate.com\/#website\"},\"primaryImageOfPage\":{\"@id\":\"https:\/\/classic-uptodate.com\/tr\/proje\/#primaryimage\"},\"image\":{\"@id\":\"https:\/\/classic-uptodate.com\/tr\/proje\/#primaryimage\"},\"thumbnailUrl\":\"https:\/\/classic-uptodate.com\/wp-content\/uploads\/2024\/11\/spotify-glenn.jpg\",\"datePublished\":\"2020-12-30T17:02:36+00:00\",\"dateModified\":\"2025-11-08T17:30:43+00:00\",\"description\":\"Classical music with a modern edge\",\"breadcrumb\":{\"@id\":\"https:\/\/classic-uptodate.com\/tr\/proje\/#breadcrumb\"},\"inLanguage\":\"tr-TR\",\"potentialAction\":[{\"@type\":\"ReadAction\",\"target\":[\"https:\/\/classic-uptodate.com\/tr\/proje\/\"]}]},{\"@type\":\"ImageObject\",\"inLanguage\":\"tr-TR\",\"@id\":\"https:\/\/classic-uptodate.com\/tr\/proje\/#primaryimage\",\"url\":\"https:\/\/classic-uptodate.com\/wp-content\/uploads\/2024\/11\/spotify-glenn.jpg\",\"contentUrl\":\"https:\/\/classic-uptodate.com\/wp-content\/uploads\/2024\/11\/spotify-glenn.jpg\"},{\"@type\":\"BreadcrumbList\",\"@id\":\"https:\/\/classic-uptodate.com\/tr\/proje\/#breadcrumb\",\"itemListElement\":[{\"@type\":\"ListItem\",\"position\":1,\"name\":\"Startseite\",\"item\":\"https:\/\/classic-uptodate.com\/tr\/\"},{\"@type\":\"ListItem\",\"position\":2,\"name\":\"Proje\"}]},{\"@type\":\"WebSite\",\"@id\":\"https:\/\/classic-uptodate.com\/#website\",\"url\":\"https:\/\/classic-uptodate.com\/\",\"name\":\"classic uptodate\",\"description\":\"Classical music with a modern edge\",\"publisher\":{\"@id\":\"https:\/\/classic-uptodate.com\/#\/schema\/person\/511fff2aedb7777c03f60a046444f038\"},\"potentialAction\":[{\"@type\":\"SearchAction\",\"target\":{\"@type\":\"EntryPoint\",\"urlTemplate\":\"https:\/\/classic-uptodate.com\/?s={search_term_string}\"},\"query-input\":{\"@type\":\"PropertyValueSpecification\",\"valueRequired\":true,\"valueName\":\"search_term_string\"}}],\"inLanguage\":\"tr-TR\"},{\"@type\":[\"Person\",\"Organization\"],\"@id\":\"https:\/\/classic-uptodate.com\/#\/schema\/person\/511fff2aedb7777c03f60a046444f038\",\"name\":\"Glenn Focus\",\"image\":{\"@type\":\"ImageObject\",\"inLanguage\":\"tr-TR\",\"@id\":\"https:\/\/classic-uptodate.com\/#\/schema\/person\/image\/\",\"url\":\"https:\/\/secure.gravatar.com\/avatar\/5e8709bcc1fadf23c2fab1048d1e185865dee801f0fd31b0dca0eef86712860a?s=96&d=mm&r=g\",\"contentUrl\":\"https:\/\/secure.gravatar.com\/avatar\/5e8709bcc1fadf23c2fab1048d1e185865dee801f0fd31b0dca0eef86712860a?s=96&d=mm&r=g\",\"caption\":\"Glenn Focus\"},\"logo\":{\"@id\":\"https:\/\/classic-uptodate.com\/#\/schema\/person\/image\/\"}}]}<\/script>\n<!-- \/ Yoast SEO plugin. -->","yoast_head_json":{"title":"Proje - classic uptodate","description":"Classical music with a modern edge","robots":{"index":"index","follow":"follow","max-snippet":"max-snippet:-1","max-image-preview":"max-image-preview:large","max-video-preview":"max-video-preview:-1"},"canonical":"https:\/\/classic-uptodate.com\/tr\/proje\/","og_locale":"tr_TR","og_type":"article","og_title":"Proje - classic uptodate","og_description":"Classical music with a modern edge","og_url":"https:\/\/classic-uptodate.com\/tr\/proje\/","og_site_name":"classic uptodate","article_modified_time":"2025-11-08T17:30:43+00:00","og_image":[{"width":1438,"height":2560,"url":"https:\/\/classic-uptodate.com\/wp-content\/uploads\/2020\/10\/image-1-scaled.jpg","type":"image\/jpeg"}],"twitter_card":"summary_large_image","twitter_misc":{"Est. reading time":"1 minute"},"schema":{"@context":"https:\/\/schema.org","@graph":[{"@type":"WebPage","@id":"https:\/\/classic-uptodate.com\/tr\/proje\/","url":"https:\/\/classic-uptodate.com\/tr\/proje\/","name":"Proje - classic uptodate","isPartOf":{"@id":"https:\/\/classic-uptodate.com\/#website"},"primaryImageOfPage":{"@id":"https:\/\/classic-uptodate.com\/tr\/proje\/#primaryimage"},"image":{"@id":"https:\/\/classic-uptodate.com\/tr\/proje\/#primaryimage"},"thumbnailUrl":"https:\/\/classic-uptodate.com\/wp-content\/uploads\/2024\/11\/spotify-glenn.jpg","datePublished":"2020-12-30T17:02:36+00:00","dateModified":"2025-11-08T17:30:43+00:00","description":"Classical music with a modern edge","breadcrumb":{"@id":"https:\/\/classic-uptodate.com\/tr\/proje\/#breadcrumb"},"inLanguage":"tr-TR","potentialAction":[{"@type":"ReadAction","target":["https:\/\/classic-uptodate.com\/tr\/proje\/"]}]},{"@type":"ImageObject","inLanguage":"tr-TR","@id":"https:\/\/classic-uptodate.com\/tr\/proje\/#primaryimage","url":"https:\/\/classic-uptodate.com\/wp-content\/uploads\/2024\/11\/spotify-glenn.jpg","contentUrl":"https:\/\/classic-uptodate.com\/wp-content\/uploads\/2024\/11\/spotify-glenn.jpg"},{"@type":"BreadcrumbList","@id":"https:\/\/classic-uptodate.com\/tr\/proje\/#breadcrumb","itemListElement":[{"@type":"ListItem","position":1,"name":"Startseite","item":"https:\/\/classic-uptodate.com\/tr\/"},{"@type":"ListItem","position":2,"name":"Proje"}]},{"@type":"WebSite","@id":"https:\/\/classic-uptodate.com\/#website","url":"https:\/\/classic-uptodate.com\/","name":"classic uptodate","description":"Classical music with a modern edge","publisher":{"@id":"https:\/\/classic-uptodate.com\/#\/schema\/person\/511fff2aedb7777c03f60a046444f038"},"potentialAction":[{"@type":"SearchAction","target":{"@type":"EntryPoint","urlTemplate":"https:\/\/classic-uptodate.com\/?s={search_term_string}"},"query-input":{"@type":"PropertyValueSpecification","valueRequired":true,"valueName":"search_term_string"}}],"inLanguage":"tr-TR"},{"@type":["Person","Organization"],"@id":"https:\/\/classic-uptodate.com\/#\/schema\/person\/511fff2aedb7777c03f60a046444f038","name":"Glenn Focus","image":{"@type":"ImageObject","inLanguage":"tr-TR","@id":"https:\/\/classic-uptodate.com\/#\/schema\/person\/image\/","url":"https:\/\/secure.gravatar.com\/avatar\/5e8709bcc1fadf23c2fab1048d1e185865dee801f0fd31b0dca0eef86712860a?s=96&d=mm&r=g","contentUrl":"https:\/\/secure.gravatar.com\/avatar\/5e8709bcc1fadf23c2fab1048d1e185865dee801f0fd31b0dca0eef86712860a?s=96&d=mm&r=g","caption":"Glenn Focus"},"logo":{"@id":"https:\/\/classic-uptodate.com\/#\/schema\/person\/image\/"}}]}},"_links":{"self":[{"href":"https:\/\/classic-uptodate.com\/tr\/wp-json\/wp\/v2\/pages\/3065","targetHints":{"allow":["GET"]}}],"collection":[{"href":"https:\/\/classic-uptodate.com\/tr\/wp-json\/wp\/v2\/pages"}],"about":[{"href":"https:\/\/classic-uptodate.com\/tr\/wp-json\/wp\/v2\/types\/page"}],"author":[{"embeddable":true,"href":"https:\/\/classic-uptodate.com\/tr\/wp-json\/wp\/v2\/users\/4"}],"replies":[{"embeddable":true,"href":"https:\/\/classic-uptodate.com\/tr\/wp-json\/wp\/v2\/comments?post=3065"}],"version-history":[{"count":10,"href":"https:\/\/classic-uptodate.com\/tr\/wp-json\/wp\/v2\/pages\/3065\/revisions"}],"predecessor-version":[{"id":10972,"href":"https:\/\/classic-uptodate.com\/tr\/wp-json\/wp\/v2\/pages\/3065\/revisions\/10972"}],"wp:attachment":[{"href":"https:\/\/classic-uptodate.com\/tr\/wp-json\/wp\/v2\/media?parent=3065"}],"curies":[{"name":"wp","href":"https:\/\/api.w.org\/{rel}","templated":true}]}}