{"id":3057,"date":"2020-12-30T19:00:25","date_gmt":"2020-12-30T17:00:25","guid":{"rendered":"https:\/\/classic-uptodate.com\/?page_id=3057"},"modified":"2021-07-29T16:11:36","modified_gmt":"2021-07-29T14:11:36","slug":"besteciler","status":"publish","type":"page","link":"https:\/\/classic-uptodate.com\/tr\/besteciler\/","title":{"rendered":"Besteciler"},"content":{"rendered":"<p><strong>Besteciler<\/strong><br \/>G\u00fcncel klasik m\u00fczik, <strong>James Last<\/strong> ve <strong>Andr\u00e9 Rieu<\/strong> gibi Avrupa&#8217;n\u0131n ola\u011fan\u00fcst\u00fc orkestralar\u0131nda \u00f6rne\u011fini g\u00f6rd\u00fc\u011f\u00fcm\u00fcz \u015fekilde klasik m\u00fczi\u011fi ritmik pop m\u00fczikle birle\u015ftirir. Di\u011fer \u00f6rnekler aras\u0131nda <strong>Andrea Bocelli<\/strong>, <strong>Pl\u00e1cido Domingo<\/strong>, <strong>Sarah Brightman<\/strong> gibi yorumcular\u0131 ve t\u00fcre kendi tarzlar\u0131n\u0131 katan <strong>Nigel Kennedy<\/strong>, <strong>Vanessa-Mae<\/strong> ve <strong>David Garrett<\/strong>&#8216;\u0131 sayabiliriz.<\/p>\n\n\n<p><\/p>\n","protected":false},"excerpt":{"rendered":"<p>BestecilerG\u00fcncel klasik m\u00fczik, James Last ve Andr\u00e9 Rieu gibi Avrupa&#8217;n\u0131n ola\u011fan\u00fcst\u00fc orkestralar\u0131nda \u00f6rne\u011fini g\u00f6rd\u00fc\u011f\u00fcm\u00fcz \u015fekilde klasik m\u00fczi\u011fi ritmik pop m\u00fczikle birle\u015ftirir. Di\u011fer \u00f6rnekler aras\u0131nda Andrea Bocelli, Pl\u00e1cido Domingo, Sarah Brightman gibi yorumcular\u0131 ve t\u00fcre kendi tarzlar\u0131n\u0131 katan Nigel Kennedy, Vanessa-Mae ve David Garrett&#8216;\u0131 sayabiliriz.<\/p>\n","protected":false},"author":4,"featured_media":0,"parent":0,"menu_order":0,"comment_status":"closed","ping_status":"closed","template":"template-music.php","meta":{"footnotes":""},"class_list":["post-3057","page","type-page","status-publish","hentry"],"yoast_head":"<!-- This site is optimized with the Yoast SEO plugin v27.5 - https:\/\/yoast.com\/product\/yoast-seo-wordpress\/ -->\n<title>Besteciler - classic uptodate<\/title>\n<meta name=\"description\" content=\"Classical music with a modern edge\" \/>\n<meta name=\"robots\" content=\"index, follow, max-snippet:-1, max-image-preview:large, max-video-preview:-1\" \/>\n<link rel=\"canonical\" href=\"https:\/\/classic-uptodate.com\/tr\/besteciler\/\" \/>\n<meta property=\"og:locale\" content=\"tr_TR\" \/>\n<meta property=\"og:type\" content=\"article\" \/>\n<meta property=\"og:title\" content=\"Besteciler - classic uptodate\" \/>\n<meta property=\"og:description\" content=\"Classical music with a modern edge\" \/>\n<meta property=\"og:url\" content=\"https:\/\/classic-uptodate.com\/tr\/besteciler\/\" \/>\n<meta property=\"og:site_name\" content=\"classic uptodate\" \/>\n<meta property=\"article:modified_time\" content=\"2021-07-29T14:11:36+00:00\" \/>\n<meta name=\"twitter:card\" content=\"summary_large_image\" \/>\n<meta name=\"twitter:label1\" content=\"Est. reading time\" \/>\n\t<meta name=\"twitter:data1\" content=\"1 minute\" \/>\n<script type=\"application\/ld+json\" class=\"yoast-schema-graph\">{\"@context\":\"https:\\\/\\\/schema.org\",\"@graph\":[{\"@type\":\"WebPage\",\"@id\":\"https:\\\/\\\/classic-uptodate.com\\\/tr\\\/besteciler\\\/\",\"url\":\"https:\\\/\\\/classic-uptodate.com\\\/tr\\\/besteciler\\\/\",\"name\":\"Besteciler - classic uptodate\",\"isPartOf\":{\"@id\":\"https:\\\/\\\/classic-uptodate.com\\\/#website\"},\"datePublished\":\"2020-12-30T17:00:25+00:00\",\"dateModified\":\"2021-07-29T14:11:36+00:00\",\"description\":\"Classical music with a modern edge\",\"breadcrumb\":{\"@id\":\"https:\\\/\\\/classic-uptodate.com\\\/tr\\\/besteciler\\\/#breadcrumb\"},\"inLanguage\":\"tr-TR\",\"potentialAction\":[{\"@type\":\"ReadAction\",\"target\":[\"https:\\\/\\\/classic-uptodate.com\\\/tr\\\/besteciler\\\/\"]}]},{\"@type\":\"BreadcrumbList\",\"@id\":\"https:\\\/\\\/classic-uptodate.com\\\/tr\\\/besteciler\\\/#breadcrumb\",\"itemListElement\":[{\"@type\":\"ListItem\",\"position\":1,\"name\":\"Startseite\",\"item\":\"https:\\\/\\\/classic-uptodate.com\\\/tr\\\/\"},{\"@type\":\"ListItem\",\"position\":2,\"name\":\"Besteciler\"}]},{\"@type\":\"WebSite\",\"@id\":\"https:\\\/\\\/classic-uptodate.com\\\/#website\",\"url\":\"https:\\\/\\\/classic-uptodate.com\\\/\",\"name\":\"classic uptodate\",\"description\":\"Classical music with a modern edge\",\"publisher\":{\"@id\":\"https:\\\/\\\/classic-uptodate.com\\\/#\\\/schema\\\/person\\\/511fff2aedb7777c03f60a046444f038\"},\"potentialAction\":[{\"@type\":\"SearchAction\",\"target\":{\"@type\":\"EntryPoint\",\"urlTemplate\":\"https:\\\/\\\/classic-uptodate.com\\\/?s={search_term_string}\"},\"query-input\":{\"@type\":\"PropertyValueSpecification\",\"valueRequired\":true,\"valueName\":\"search_term_string\"}}],\"inLanguage\":\"tr-TR\"},{\"@type\":[\"Person\",\"Organization\"],\"@id\":\"https:\\\/\\\/classic-uptodate.com\\\/#\\\/schema\\\/person\\\/511fff2aedb7777c03f60a046444f038\",\"name\":\"Glenn Focus\",\"image\":{\"@type\":\"ImageObject\",\"inLanguage\":\"tr-TR\",\"@id\":\"https:\\\/\\\/secure.gravatar.com\\\/avatar\\\/5e8709bcc1fadf23c2fab1048d1e185865dee801f0fd31b0dca0eef86712860a?s=96&d=mm&r=g\",\"url\":\"https:\\\/\\\/secure.gravatar.com\\\/avatar\\\/5e8709bcc1fadf23c2fab1048d1e185865dee801f0fd31b0dca0eef86712860a?s=96&d=mm&r=g\",\"contentUrl\":\"https:\\\/\\\/secure.gravatar.com\\\/avatar\\\/5e8709bcc1fadf23c2fab1048d1e185865dee801f0fd31b0dca0eef86712860a?s=96&d=mm&r=g\",\"caption\":\"Glenn Focus\"},\"logo\":{\"@id\":\"https:\\\/\\\/secure.gravatar.com\\\/avatar\\\/5e8709bcc1fadf23c2fab1048d1e185865dee801f0fd31b0dca0eef86712860a?s=96&d=mm&r=g\"}}]}<\/script>\n<!-- \/ Yoast SEO plugin. -->","yoast_head_json":{"title":"Besteciler - classic uptodate","description":"Classical music with a modern edge","robots":{"index":"index","follow":"follow","max-snippet":"max-snippet:-1","max-image-preview":"max-image-preview:large","max-video-preview":"max-video-preview:-1"},"canonical":"https:\/\/classic-uptodate.com\/tr\/besteciler\/","og_locale":"tr_TR","og_type":"article","og_title":"Besteciler - classic uptodate","og_description":"Classical music with a modern edge","og_url":"https:\/\/classic-uptodate.com\/tr\/besteciler\/","og_site_name":"classic uptodate","article_modified_time":"2021-07-29T14:11:36+00:00","twitter_card":"summary_large_image","twitter_misc":{"Est. reading time":"1 minute"},"schema":{"@context":"https:\/\/schema.org","@graph":[{"@type":"WebPage","@id":"https:\/\/classic-uptodate.com\/tr\/besteciler\/","url":"https:\/\/classic-uptodate.com\/tr\/besteciler\/","name":"Besteciler - classic uptodate","isPartOf":{"@id":"https:\/\/classic-uptodate.com\/#website"},"datePublished":"2020-12-30T17:00:25+00:00","dateModified":"2021-07-29T14:11:36+00:00","description":"Classical music with a modern edge","breadcrumb":{"@id":"https:\/\/classic-uptodate.com\/tr\/besteciler\/#breadcrumb"},"inLanguage":"tr-TR","potentialAction":[{"@type":"ReadAction","target":["https:\/\/classic-uptodate.com\/tr\/besteciler\/"]}]},{"@type":"BreadcrumbList","@id":"https:\/\/classic-uptodate.com\/tr\/besteciler\/#breadcrumb","itemListElement":[{"@type":"ListItem","position":1,"name":"Startseite","item":"https:\/\/classic-uptodate.com\/tr\/"},{"@type":"ListItem","position":2,"name":"Besteciler"}]},{"@type":"WebSite","@id":"https:\/\/classic-uptodate.com\/#website","url":"https:\/\/classic-uptodate.com\/","name":"classic uptodate","description":"Classical music with a modern edge","publisher":{"@id":"https:\/\/classic-uptodate.com\/#\/schema\/person\/511fff2aedb7777c03f60a046444f038"},"potentialAction":[{"@type":"SearchAction","target":{"@type":"EntryPoint","urlTemplate":"https:\/\/classic-uptodate.com\/?s={search_term_string}"},"query-input":{"@type":"PropertyValueSpecification","valueRequired":true,"valueName":"search_term_string"}}],"inLanguage":"tr-TR"},{"@type":["Person","Organization"],"@id":"https:\/\/classic-uptodate.com\/#\/schema\/person\/511fff2aedb7777c03f60a046444f038","name":"Glenn Focus","image":{"@type":"ImageObject","inLanguage":"tr-TR","@id":"https:\/\/secure.gravatar.com\/avatar\/5e8709bcc1fadf23c2fab1048d1e185865dee801f0fd31b0dca0eef86712860a?s=96&d=mm&r=g","url":"https:\/\/secure.gravatar.com\/avatar\/5e8709bcc1fadf23c2fab1048d1e185865dee801f0fd31b0dca0eef86712860a?s=96&d=mm&r=g","contentUrl":"https:\/\/secure.gravatar.com\/avatar\/5e8709bcc1fadf23c2fab1048d1e185865dee801f0fd31b0dca0eef86712860a?s=96&d=mm&r=g","caption":"Glenn Focus"},"logo":{"@id":"https:\/\/secure.gravatar.com\/avatar\/5e8709bcc1fadf23c2fab1048d1e185865dee801f0fd31b0dca0eef86712860a?s=96&d=mm&r=g"}}]}},"_links":{"self":[{"href":"https:\/\/classic-uptodate.com\/tr\/wp-json\/wp\/v2\/pages\/3057","targetHints":{"allow":["GET"]}}],"collection":[{"href":"https:\/\/classic-uptodate.com\/tr\/wp-json\/wp\/v2\/pages"}],"about":[{"href":"https:\/\/classic-uptodate.com\/tr\/wp-json\/wp\/v2\/types\/page"}],"author":[{"embeddable":true,"href":"https:\/\/classic-uptodate.com\/tr\/wp-json\/wp\/v2\/users\/4"}],"replies":[{"embeddable":true,"href":"https:\/\/classic-uptodate.com\/tr\/wp-json\/wp\/v2\/comments?post=3057"}],"version-history":[{"count":2,"href":"https:\/\/classic-uptodate.com\/tr\/wp-json\/wp\/v2\/pages\/3057\/revisions"}],"predecessor-version":[{"id":3318,"href":"https:\/\/classic-uptodate.com\/tr\/wp-json\/wp\/v2\/pages\/3057\/revisions\/3318"}],"wp:attachment":[{"href":"https:\/\/classic-uptodate.com\/tr\/wp-json\/wp\/v2\/media?parent=3057"}],"curies":[{"name":"wp","href":"https:\/\/api.w.org\/{rel}","templated":true}]}}