{"id":3037,"date":"2020-12-30T18:55:35","date_gmt":"2020-12-30T16:55:35","guid":{"rendered":"https:\/\/classic-uptodate.com\/?page_id=3037"},"modified":"2021-07-29T16:10:27","modified_gmt":"2021-07-29T14:10:27","slug":"kompositorer","status":"publish","type":"page","link":"https:\/\/classic-uptodate.com\/sv\/kompositorer\/","title":{"rendered":"Komposit\u00f6rer"},"content":{"rendered":"<p><strong>Komposit\u00f6rer<\/strong><br \/><a id=\"ProductInfoArtistLink\" class=\"a-size-medium a-link-normal\" href=\"https:\/\/www.amazon.com\/-\/de\/dp\/B00GN6XC78\/ref=dm_ws_ps_adp\"><strong>The Classic-UpToDate Orchestra<\/strong><\/a> kombinerar klassisk musik med rytmisk popmusik, precis som m\u00e5nga andra underbara europeiska orkestrar som <strong>James Last<\/strong>, <strong>Andr\u00e9 Rieu<\/strong> eller tolkare som <strong>Andrea Bocelli<\/strong>, <strong>Pl\u00e1cido Domingo<\/strong>, <strong>Sarah Brightman<\/strong>, violinisterna <strong>Nigel Kennedy<\/strong>, <strong>Vanessa-Mae<\/strong> eller <strong>David Garrett<\/strong> med sin egen stil.<\/p>\n\n\n<p><\/p>\n","protected":false},"excerpt":{"rendered":"<p>Komposit\u00f6rerThe Classic-UpToDate Orchestra kombinerar klassisk musik med rytmisk popmusik, precis som m\u00e5nga andra underbara europeiska orkestrar som James Last, Andr\u00e9 Rieu eller tolkare som Andrea Bocelli, Pl\u00e1cido Domingo, Sarah Brightman, violinisterna Nigel Kennedy, Vanessa-Mae eller David Garrett med sin egen stil.<\/p>\n","protected":false},"author":4,"featured_media":0,"parent":0,"menu_order":0,"comment_status":"closed","ping_status":"closed","template":"template-music.php","meta":{"footnotes":""},"class_list":["post-3037","page","type-page","status-publish","hentry"],"yoast_head":"<!-- This site is optimized with the Yoast SEO plugin v27.5 - https:\/\/yoast.com\/product\/yoast-seo-wordpress\/ -->\n<title>Komposit\u00f6rer - classic uptodate<\/title>\n<meta name=\"description\" content=\"Classical music with a modern edge\" \/>\n<meta name=\"robots\" content=\"index, follow, max-snippet:-1, max-image-preview:large, max-video-preview:-1\" \/>\n<link rel=\"canonical\" href=\"https:\/\/classic-uptodate.com\/sv\/kompositorer\/\" \/>\n<meta property=\"og:locale\" content=\"sv_SE\" \/>\n<meta property=\"og:type\" content=\"article\" \/>\n<meta property=\"og:title\" content=\"Komposit\u00f6rer - classic uptodate\" \/>\n<meta property=\"og:description\" content=\"Classical music with a modern edge\" \/>\n<meta property=\"og:url\" content=\"https:\/\/classic-uptodate.com\/sv\/kompositorer\/\" \/>\n<meta property=\"og:site_name\" content=\"classic uptodate\" \/>\n<meta property=\"article:modified_time\" content=\"2021-07-29T14:10:27+00:00\" \/>\n<meta name=\"twitter:card\" content=\"summary_large_image\" \/>\n<meta name=\"twitter:label1\" content=\"Est. reading time\" \/>\n\t<meta name=\"twitter:data1\" content=\"1 minute\" \/>\n<script type=\"application\/ld+json\" class=\"yoast-schema-graph\">{\"@context\":\"https:\\\/\\\/schema.org\",\"@graph\":[{\"@type\":\"WebPage\",\"@id\":\"https:\\\/\\\/classic-uptodate.com\\\/sv\\\/kompositorer\\\/\",\"url\":\"https:\\\/\\\/classic-uptodate.com\\\/sv\\\/kompositorer\\\/\",\"name\":\"Komposit\u00f6rer - classic uptodate\",\"isPartOf\":{\"@id\":\"https:\\\/\\\/classic-uptodate.com\\\/#website\"},\"datePublished\":\"2020-12-30T16:55:35+00:00\",\"dateModified\":\"2021-07-29T14:10:27+00:00\",\"description\":\"Classical music with a modern edge\",\"breadcrumb\":{\"@id\":\"https:\\\/\\\/classic-uptodate.com\\\/sv\\\/kompositorer\\\/#breadcrumb\"},\"inLanguage\":\"sv-SE\",\"potentialAction\":[{\"@type\":\"ReadAction\",\"target\":[\"https:\\\/\\\/classic-uptodate.com\\\/sv\\\/kompositorer\\\/\"]}]},{\"@type\":\"BreadcrumbList\",\"@id\":\"https:\\\/\\\/classic-uptodate.com\\\/sv\\\/kompositorer\\\/#breadcrumb\",\"itemListElement\":[{\"@type\":\"ListItem\",\"position\":1,\"name\":\"Startseite\",\"item\":\"https:\\\/\\\/classic-uptodate.com\\\/sv\\\/\"},{\"@type\":\"ListItem\",\"position\":2,\"name\":\"Komposit\u00f6rer\"}]},{\"@type\":\"WebSite\",\"@id\":\"https:\\\/\\\/classic-uptodate.com\\\/#website\",\"url\":\"https:\\\/\\\/classic-uptodate.com\\\/\",\"name\":\"classic uptodate\",\"description\":\"Classical music with a modern edge\",\"publisher\":{\"@id\":\"https:\\\/\\\/classic-uptodate.com\\\/#\\\/schema\\\/person\\\/511fff2aedb7777c03f60a046444f038\"},\"potentialAction\":[{\"@type\":\"SearchAction\",\"target\":{\"@type\":\"EntryPoint\",\"urlTemplate\":\"https:\\\/\\\/classic-uptodate.com\\\/?s={search_term_string}\"},\"query-input\":{\"@type\":\"PropertyValueSpecification\",\"valueRequired\":true,\"valueName\":\"search_term_string\"}}],\"inLanguage\":\"sv-SE\"},{\"@type\":[\"Person\",\"Organization\"],\"@id\":\"https:\\\/\\\/classic-uptodate.com\\\/#\\\/schema\\\/person\\\/511fff2aedb7777c03f60a046444f038\",\"name\":\"Glenn Focus\",\"image\":{\"@type\":\"ImageObject\",\"inLanguage\":\"sv-SE\",\"@id\":\"https:\\\/\\\/secure.gravatar.com\\\/avatar\\\/5e8709bcc1fadf23c2fab1048d1e185865dee801f0fd31b0dca0eef86712860a?s=96&d=mm&r=g\",\"url\":\"https:\\\/\\\/secure.gravatar.com\\\/avatar\\\/5e8709bcc1fadf23c2fab1048d1e185865dee801f0fd31b0dca0eef86712860a?s=96&d=mm&r=g\",\"contentUrl\":\"https:\\\/\\\/secure.gravatar.com\\\/avatar\\\/5e8709bcc1fadf23c2fab1048d1e185865dee801f0fd31b0dca0eef86712860a?s=96&d=mm&r=g\",\"caption\":\"Glenn Focus\"},\"logo\":{\"@id\":\"https:\\\/\\\/secure.gravatar.com\\\/avatar\\\/5e8709bcc1fadf23c2fab1048d1e185865dee801f0fd31b0dca0eef86712860a?s=96&d=mm&r=g\"}}]}<\/script>\n<!-- \/ Yoast SEO plugin. -->","yoast_head_json":{"title":"Komposit\u00f6rer - classic uptodate","description":"Classical music with a modern edge","robots":{"index":"index","follow":"follow","max-snippet":"max-snippet:-1","max-image-preview":"max-image-preview:large","max-video-preview":"max-video-preview:-1"},"canonical":"https:\/\/classic-uptodate.com\/sv\/kompositorer\/","og_locale":"sv_SE","og_type":"article","og_title":"Komposit\u00f6rer - classic uptodate","og_description":"Classical music with a modern edge","og_url":"https:\/\/classic-uptodate.com\/sv\/kompositorer\/","og_site_name":"classic uptodate","article_modified_time":"2021-07-29T14:10:27+00:00","twitter_card":"summary_large_image","twitter_misc":{"Est. reading time":"1 minute"},"schema":{"@context":"https:\/\/schema.org","@graph":[{"@type":"WebPage","@id":"https:\/\/classic-uptodate.com\/sv\/kompositorer\/","url":"https:\/\/classic-uptodate.com\/sv\/kompositorer\/","name":"Komposit\u00f6rer - classic uptodate","isPartOf":{"@id":"https:\/\/classic-uptodate.com\/#website"},"datePublished":"2020-12-30T16:55:35+00:00","dateModified":"2021-07-29T14:10:27+00:00","description":"Classical music with a modern edge","breadcrumb":{"@id":"https:\/\/classic-uptodate.com\/sv\/kompositorer\/#breadcrumb"},"inLanguage":"sv-SE","potentialAction":[{"@type":"ReadAction","target":["https:\/\/classic-uptodate.com\/sv\/kompositorer\/"]}]},{"@type":"BreadcrumbList","@id":"https:\/\/classic-uptodate.com\/sv\/kompositorer\/#breadcrumb","itemListElement":[{"@type":"ListItem","position":1,"name":"Startseite","item":"https:\/\/classic-uptodate.com\/sv\/"},{"@type":"ListItem","position":2,"name":"Komposit\u00f6rer"}]},{"@type":"WebSite","@id":"https:\/\/classic-uptodate.com\/#website","url":"https:\/\/classic-uptodate.com\/","name":"classic uptodate","description":"Classical music with a modern edge","publisher":{"@id":"https:\/\/classic-uptodate.com\/#\/schema\/person\/511fff2aedb7777c03f60a046444f038"},"potentialAction":[{"@type":"SearchAction","target":{"@type":"EntryPoint","urlTemplate":"https:\/\/classic-uptodate.com\/?s={search_term_string}"},"query-input":{"@type":"PropertyValueSpecification","valueRequired":true,"valueName":"search_term_string"}}],"inLanguage":"sv-SE"},{"@type":["Person","Organization"],"@id":"https:\/\/classic-uptodate.com\/#\/schema\/person\/511fff2aedb7777c03f60a046444f038","name":"Glenn Focus","image":{"@type":"ImageObject","inLanguage":"sv-SE","@id":"https:\/\/secure.gravatar.com\/avatar\/5e8709bcc1fadf23c2fab1048d1e185865dee801f0fd31b0dca0eef86712860a?s=96&d=mm&r=g","url":"https:\/\/secure.gravatar.com\/avatar\/5e8709bcc1fadf23c2fab1048d1e185865dee801f0fd31b0dca0eef86712860a?s=96&d=mm&r=g","contentUrl":"https:\/\/secure.gravatar.com\/avatar\/5e8709bcc1fadf23c2fab1048d1e185865dee801f0fd31b0dca0eef86712860a?s=96&d=mm&r=g","caption":"Glenn Focus"},"logo":{"@id":"https:\/\/secure.gravatar.com\/avatar\/5e8709bcc1fadf23c2fab1048d1e185865dee801f0fd31b0dca0eef86712860a?s=96&d=mm&r=g"}}]}},"_links":{"self":[{"href":"https:\/\/classic-uptodate.com\/sv\/wp-json\/wp\/v2\/pages\/3037","targetHints":{"allow":["GET"]}}],"collection":[{"href":"https:\/\/classic-uptodate.com\/sv\/wp-json\/wp\/v2\/pages"}],"about":[{"href":"https:\/\/classic-uptodate.com\/sv\/wp-json\/wp\/v2\/types\/page"}],"author":[{"embeddable":true,"href":"https:\/\/classic-uptodate.com\/sv\/wp-json\/wp\/v2\/users\/4"}],"replies":[{"embeddable":true,"href":"https:\/\/classic-uptodate.com\/sv\/wp-json\/wp\/v2\/comments?post=3037"}],"version-history":[{"count":3,"href":"https:\/\/classic-uptodate.com\/sv\/wp-json\/wp\/v2\/pages\/3037\/revisions"}],"predecessor-version":[{"id":3317,"href":"https:\/\/classic-uptodate.com\/sv\/wp-json\/wp\/v2\/pages\/3037\/revisions\/3317"}],"wp:attachment":[{"href":"https:\/\/classic-uptodate.com\/sv\/wp-json\/wp\/v2\/media?parent=3037"}],"curies":[{"name":"wp","href":"https:\/\/api.w.org\/{rel}","templated":true}]}}