{"id":3016,"date":"2020-12-30T18:49:25","date_gmt":"2020-12-30T16:49:25","guid":{"rendered":"https:\/\/classic-uptodate.com\/?page_id=3016"},"modified":"2021-07-29T16:05:49","modified_gmt":"2021-07-29T14:05:49","slug":"kompozytorzy","status":"publish","type":"page","link":"https:\/\/classic-uptodate.com\/pl\/kompozytorzy\/","title":{"rendered":"Kompozytorzy"},"content":{"rendered":"<p><strong>Kompozytorzy<\/strong><br \/><a id=\"ProductInfoArtistLink\" class=\"a-size-medium a-link-normal\" href=\"https:\/\/www.amazon.com\/-\/de\/dp\/B00GN6XC78\/ref=dm_ws_ps_adp\"><strong>The Classic-UpToDate Orchestra<\/strong><\/a> \u0142\u0105czy muzyk\u0119 klasyczn\u0105 z rytmiczn\u0105 muzyk\u0105 pop, tak jak czyni to we w\u0142asnym stylu wiele innych wspania\u0142ych europejskich orkiestr, np. <strong>James Last<\/strong>, <strong>Andr\u00e9 Rieu<\/strong>, lub wielu interpretator\u00f3w, do kt\u00f3rych nale\u017c\u0105 <strong>Andrea Bocelli<\/strong>, <strong>Pl\u00e1cido Domingo<\/strong>, <strong>Sarah Brightman<\/strong>, skrzypk\u00f3w, jak <strong>Nigel Kennedy<\/strong>, <strong>Vanessa-Mae<\/strong> czy <strong>David Garrett<\/strong>.<\/p>\n\n\n<p><\/p>\n","protected":false},"excerpt":{"rendered":"<p>KompozytorzyThe Classic-UpToDate Orchestra \u0142\u0105czy muzyk\u0119 klasyczn\u0105 z rytmiczn\u0105 muzyk\u0105 pop, tak jak czyni to we w\u0142asnym stylu wiele innych wspania\u0142ych europejskich orkiestr, np. James Last, Andr\u00e9 Rieu, lub wielu interpretator\u00f3w, do kt\u00f3rych nale\u017c\u0105 Andrea Bocelli, Pl\u00e1cido Domingo, Sarah Brightman, skrzypk\u00f3w, jak Nigel Kennedy, Vanessa-Mae czy David Garrett.<\/p>\n","protected":false},"author":4,"featured_media":0,"parent":0,"menu_order":0,"comment_status":"closed","ping_status":"closed","template":"template-music.php","meta":{"footnotes":""},"class_list":["post-3016","page","type-page","status-publish","hentry"],"yoast_head":"<!-- This site is optimized with the Yoast SEO plugin v26.3 - https:\/\/yoast.com\/wordpress\/plugins\/seo\/ -->\n<title>Kompozytorzy - classic uptodate<\/title>\n<meta name=\"description\" content=\"Classical music with a modern edge\" \/>\n<meta name=\"robots\" content=\"index, follow, max-snippet:-1, max-image-preview:large, max-video-preview:-1\" \/>\n<link rel=\"canonical\" href=\"https:\/\/classic-uptodate.com\/pl\/kompozytorzy\/\" \/>\n<meta property=\"og:locale\" content=\"pl_PL\" \/>\n<meta property=\"og:type\" content=\"article\" \/>\n<meta property=\"og:title\" content=\"Kompozytorzy - classic uptodate\" \/>\n<meta property=\"og:description\" content=\"Classical music with a modern edge\" \/>\n<meta property=\"og:url\" content=\"https:\/\/classic-uptodate.com\/pl\/kompozytorzy\/\" \/>\n<meta property=\"og:site_name\" content=\"classic uptodate\" \/>\n<meta property=\"article:modified_time\" content=\"2021-07-29T14:05:49+00:00\" \/>\n<meta name=\"twitter:card\" content=\"summary_large_image\" \/>\n<meta name=\"twitter:label1\" content=\"Est. reading time\" \/>\n\t<meta name=\"twitter:data1\" content=\"1 minute\" \/>\n<script type=\"application\/ld+json\" class=\"yoast-schema-graph\">{\"@context\":\"https:\/\/schema.org\",\"@graph\":[{\"@type\":\"WebPage\",\"@id\":\"https:\/\/classic-uptodate.com\/pl\/kompozytorzy\/\",\"url\":\"https:\/\/classic-uptodate.com\/pl\/kompozytorzy\/\",\"name\":\"Kompozytorzy - classic uptodate\",\"isPartOf\":{\"@id\":\"https:\/\/classic-uptodate.com\/#website\"},\"datePublished\":\"2020-12-30T16:49:25+00:00\",\"dateModified\":\"2021-07-29T14:05:49+00:00\",\"description\":\"Classical music with a modern edge\",\"breadcrumb\":{\"@id\":\"https:\/\/classic-uptodate.com\/pl\/kompozytorzy\/#breadcrumb\"},\"inLanguage\":\"pl-PL\",\"potentialAction\":[{\"@type\":\"ReadAction\",\"target\":[\"https:\/\/classic-uptodate.com\/pl\/kompozytorzy\/\"]}]},{\"@type\":\"BreadcrumbList\",\"@id\":\"https:\/\/classic-uptodate.com\/pl\/kompozytorzy\/#breadcrumb\",\"itemListElement\":[{\"@type\":\"ListItem\",\"position\":1,\"name\":\"Startseite\",\"item\":\"https:\/\/classic-uptodate.com\/pl\/\"},{\"@type\":\"ListItem\",\"position\":2,\"name\":\"Kompozytorzy\"}]},{\"@type\":\"WebSite\",\"@id\":\"https:\/\/classic-uptodate.com\/#website\",\"url\":\"https:\/\/classic-uptodate.com\/\",\"name\":\"classic uptodate\",\"description\":\"Classical music with a modern edge\",\"publisher\":{\"@id\":\"https:\/\/classic-uptodate.com\/#\/schema\/person\/511fff2aedb7777c03f60a046444f038\"},\"potentialAction\":[{\"@type\":\"SearchAction\",\"target\":{\"@type\":\"EntryPoint\",\"urlTemplate\":\"https:\/\/classic-uptodate.com\/?s={search_term_string}\"},\"query-input\":{\"@type\":\"PropertyValueSpecification\",\"valueRequired\":true,\"valueName\":\"search_term_string\"}}],\"inLanguage\":\"pl-PL\"},{\"@type\":[\"Person\",\"Organization\"],\"@id\":\"https:\/\/classic-uptodate.com\/#\/schema\/person\/511fff2aedb7777c03f60a046444f038\",\"name\":\"Glenn Focus\",\"image\":{\"@type\":\"ImageObject\",\"inLanguage\":\"pl-PL\",\"@id\":\"https:\/\/classic-uptodate.com\/#\/schema\/person\/image\/\",\"url\":\"https:\/\/secure.gravatar.com\/avatar\/5e8709bcc1fadf23c2fab1048d1e185865dee801f0fd31b0dca0eef86712860a?s=96&d=mm&r=g\",\"contentUrl\":\"https:\/\/secure.gravatar.com\/avatar\/5e8709bcc1fadf23c2fab1048d1e185865dee801f0fd31b0dca0eef86712860a?s=96&d=mm&r=g\",\"caption\":\"Glenn Focus\"},\"logo\":{\"@id\":\"https:\/\/classic-uptodate.com\/#\/schema\/person\/image\/\"}}]}<\/script>\n<!-- \/ Yoast SEO plugin. -->","yoast_head_json":{"title":"Kompozytorzy - classic uptodate","description":"Classical music with a modern edge","robots":{"index":"index","follow":"follow","max-snippet":"max-snippet:-1","max-image-preview":"max-image-preview:large","max-video-preview":"max-video-preview:-1"},"canonical":"https:\/\/classic-uptodate.com\/pl\/kompozytorzy\/","og_locale":"pl_PL","og_type":"article","og_title":"Kompozytorzy - classic uptodate","og_description":"Classical music with a modern edge","og_url":"https:\/\/classic-uptodate.com\/pl\/kompozytorzy\/","og_site_name":"classic uptodate","article_modified_time":"2021-07-29T14:05:49+00:00","twitter_card":"summary_large_image","twitter_misc":{"Est. reading time":"1 minute"},"schema":{"@context":"https:\/\/schema.org","@graph":[{"@type":"WebPage","@id":"https:\/\/classic-uptodate.com\/pl\/kompozytorzy\/","url":"https:\/\/classic-uptodate.com\/pl\/kompozytorzy\/","name":"Kompozytorzy - classic uptodate","isPartOf":{"@id":"https:\/\/classic-uptodate.com\/#website"},"datePublished":"2020-12-30T16:49:25+00:00","dateModified":"2021-07-29T14:05:49+00:00","description":"Classical music with a modern edge","breadcrumb":{"@id":"https:\/\/classic-uptodate.com\/pl\/kompozytorzy\/#breadcrumb"},"inLanguage":"pl-PL","potentialAction":[{"@type":"ReadAction","target":["https:\/\/classic-uptodate.com\/pl\/kompozytorzy\/"]}]},{"@type":"BreadcrumbList","@id":"https:\/\/classic-uptodate.com\/pl\/kompozytorzy\/#breadcrumb","itemListElement":[{"@type":"ListItem","position":1,"name":"Startseite","item":"https:\/\/classic-uptodate.com\/pl\/"},{"@type":"ListItem","position":2,"name":"Kompozytorzy"}]},{"@type":"WebSite","@id":"https:\/\/classic-uptodate.com\/#website","url":"https:\/\/classic-uptodate.com\/","name":"classic uptodate","description":"Classical music with a modern edge","publisher":{"@id":"https:\/\/classic-uptodate.com\/#\/schema\/person\/511fff2aedb7777c03f60a046444f038"},"potentialAction":[{"@type":"SearchAction","target":{"@type":"EntryPoint","urlTemplate":"https:\/\/classic-uptodate.com\/?s={search_term_string}"},"query-input":{"@type":"PropertyValueSpecification","valueRequired":true,"valueName":"search_term_string"}}],"inLanguage":"pl-PL"},{"@type":["Person","Organization"],"@id":"https:\/\/classic-uptodate.com\/#\/schema\/person\/511fff2aedb7777c03f60a046444f038","name":"Glenn Focus","image":{"@type":"ImageObject","inLanguage":"pl-PL","@id":"https:\/\/classic-uptodate.com\/#\/schema\/person\/image\/","url":"https:\/\/secure.gravatar.com\/avatar\/5e8709bcc1fadf23c2fab1048d1e185865dee801f0fd31b0dca0eef86712860a?s=96&d=mm&r=g","contentUrl":"https:\/\/secure.gravatar.com\/avatar\/5e8709bcc1fadf23c2fab1048d1e185865dee801f0fd31b0dca0eef86712860a?s=96&d=mm&r=g","caption":"Glenn Focus"},"logo":{"@id":"https:\/\/classic-uptodate.com\/#\/schema\/person\/image\/"}}]}},"_links":{"self":[{"href":"https:\/\/classic-uptodate.com\/pl\/wp-json\/wp\/v2\/pages\/3016","targetHints":{"allow":["GET"]}}],"collection":[{"href":"https:\/\/classic-uptodate.com\/pl\/wp-json\/wp\/v2\/pages"}],"about":[{"href":"https:\/\/classic-uptodate.com\/pl\/wp-json\/wp\/v2\/types\/page"}],"author":[{"embeddable":true,"href":"https:\/\/classic-uptodate.com\/pl\/wp-json\/wp\/v2\/users\/4"}],"replies":[{"embeddable":true,"href":"https:\/\/classic-uptodate.com\/pl\/wp-json\/wp\/v2\/comments?post=3016"}],"version-history":[{"count":3,"href":"https:\/\/classic-uptodate.com\/pl\/wp-json\/wp\/v2\/pages\/3016\/revisions"}],"predecessor-version":[{"id":3312,"href":"https:\/\/classic-uptodate.com\/pl\/wp-json\/wp\/v2\/pages\/3016\/revisions\/3312"}],"wp:attachment":[{"href":"https:\/\/classic-uptodate.com\/pl\/wp-json\/wp\/v2\/media?parent=3016"}],"curies":[{"name":"wp","href":"https:\/\/api.w.org\/{rel}","templated":true}]}}