{"id":5290,"date":"2023-04-14T16:31:59","date_gmt":"2023-04-14T14:31:59","guid":{"rendered":"https:\/\/classic-uptodate.com\/?page_id=5290"},"modified":"2025-11-08T19:28:38","modified_gmt":"2025-11-08T17:28:38","slug":"hanke","status":"publish","type":"page","link":"https:\/\/classic-uptodate.com\/fi\/hanke\/","title":{"rendered":"Hanke"},"content":{"rendered":"<hr \/>\r\n\r\n<div class=\"alignright\">\r\n\r\n<img loading=\"lazy\" decoding=\"async\" class=\"wp-image-2703 size-medium\" src=\"https:\/\/classic-uptodate.com\/wp-content\/uploads\/2024\/11\/spotify-glenn.jpg\" alt=\"\" width=\"168\" height=\"300\" \/>\r\n\r\n<\/div>\r\n<h2><b>Klassinen ja pop kohtaavat!<\/b><\/h2>\r\nOlen tietoinen riskist\u00e4, joka liittyy t\u00e4llaisten upeiden klassisten s\u00e4vellysten uudelleensovittamiseen. Minulle se on kuitenkin syv\u00e4 kunnioitus kaikkia niit\u00e4 suuria luovia mieli\u00e4 kohtaan, jotka ovat luoneet ne.\r\n\r\nOlen my\u00f6s Bachin fani ja haluaisin k\u00e4ytt\u00e4\u00e4 t\u00e4t\u00e4 ep\u00e4tavallista menetelm\u00e4\u00e4 tuodakseni n\u00e4m\u00e4 \u201dvaikeat\u201d teokset l\u00e4hemm\u00e4ksi kaikkia kiinnostuneita.\r\n\r\n&nbsp;\r\n\r\n&nbsp;\r\n\r\n&nbsp;\r\n\r\n<hr \/>\r\n\r\n<img loading=\"lazy\" decoding=\"async\" class=\"wp-image-1774 size-medium alignleft\" src=\"http:\/\/classic-uptodate.com\/wp-content\/uploads\/2014\/01\/image-1-300x285.jpg\" alt=\"\" width=\"300\" height=\"285\" srcset=\"https:\/\/classic-uptodate.com\/wp-content\/uploads\/2014\/01\/image-1-300x285.jpg 300w, https:\/\/classic-uptodate.com\/wp-content\/uploads\/2014\/01\/image-1-768x728.jpg 768w, https:\/\/classic-uptodate.com\/wp-content\/uploads\/2014\/01\/image-1-400x379.jpg 400w, https:\/\/classic-uptodate.com\/wp-content\/uploads\/2014\/01\/image-1-900x854.jpg 900w, https:\/\/classic-uptodate.com\/wp-content\/uploads\/2014\/01\/image-1-24x24.jpg 24w, https:\/\/classic-uptodate.com\/wp-content\/uploads\/2014\/01\/image-1-36x34.jpg 36w, https:\/\/classic-uptodate.com\/wp-content\/uploads\/2014\/01\/image-1-48x46.jpg 48w, https:\/\/classic-uptodate.com\/wp-content\/uploads\/2014\/01\/image-1.jpg 949w\" sizes=\"auto, (max-width: 300px) 100vw, 300px\" \/>\r\n\r\nclassic-uptodate yhdist\u00e4\u00e4 klassisen musiikin rytmikk\u00e4\u00e4seen popmusiikkiin ja pop-\u00e4\u00e4niin, aivan kuten monet muut upeat eurooppalaiset orkesterit, kuten <b>James Last<\/b>, <b>Andr\u00e9 Rieu<\/b>, tai esiintyj\u00e4t, kuten <b>Andrea Bocelli<\/b>, <b>Pl\u00e1cido Domingo<\/b>, <b>Sarah Brightman<\/b>, viulistit <b>Nigel Kennedy<\/b>, <b>Vanessa-Mae<\/b> ja <b>David Garrett<\/b>, jokaisella omalla ainutlaatuisella tyylill\u00e4\u00e4n.\r\n\r\nNauti kuuntelusta! Glenn Focus\r\n\r\n&nbsp;\r\n\r\n<!-- \/wp:post-content -->","protected":false},"excerpt":{"rendered":"<p>Klassinen ja pop kohtaavat! Olen tietoinen riskist\u00e4, joka liittyy t\u00e4llaisten upeiden klassisten s\u00e4vellysten uudelleensovittamiseen. Minulle se on kuitenkin syv\u00e4 kunnioitus kaikkia niit\u00e4 suuria luovia mieli\u00e4 kohtaan, jotka ovat luoneet ne. Olen my\u00f6s Bachin fani ja haluaisin k\u00e4ytt\u00e4\u00e4 t\u00e4t\u00e4 ep\u00e4tavallista menetelm\u00e4\u00e4 tuodakseni n\u00e4m\u00e4 \u201dvaikeat\u201d teokset l\u00e4hemm\u00e4ksi kaikkia kiinnostuneita. &nbsp; &nbsp; &nbsp; classic-uptodate yhdist\u00e4\u00e4 klassisen musiikin rytmikk\u00e4\u00e4seen [&hellip;]<\/p>\n","protected":false},"author":4,"featured_media":0,"parent":0,"menu_order":0,"comment_status":"closed","ping_status":"closed","template":"","meta":{"footnotes":""},"class_list":["post-5290","page","type-page","status-publish","hentry"],"yoast_head":"<!-- This site is optimized with the Yoast SEO plugin v26.3 - https:\/\/yoast.com\/wordpress\/plugins\/seo\/ -->\n<title>Hanke - classic uptodate<\/title>\n<meta name=\"description\" content=\"Classical music with a modern edge\" \/>\n<meta name=\"robots\" content=\"index, follow, max-snippet:-1, max-image-preview:large, max-video-preview:-1\" \/>\n<link rel=\"canonical\" href=\"https:\/\/classic-uptodate.com\/fi\/hanke\/\" \/>\n<meta property=\"og:locale\" content=\"fi_FI\" \/>\n<meta property=\"og:type\" content=\"article\" \/>\n<meta property=\"og:title\" content=\"Hanke - classic uptodate\" \/>\n<meta property=\"og:description\" content=\"Classical music with a modern edge\" \/>\n<meta property=\"og:url\" content=\"https:\/\/classic-uptodate.com\/fi\/hanke\/\" \/>\n<meta property=\"og:site_name\" content=\"classic uptodate\" \/>\n<meta property=\"article:modified_time\" content=\"2025-11-08T17:28:38+00:00\" \/>\n<meta property=\"og:image\" content=\"https:\/\/classic-uptodate.com\/wp-content\/uploads\/2020\/10\/image-1-scaled.jpg\" \/>\n\t<meta property=\"og:image:width\" content=\"1438\" \/>\n\t<meta property=\"og:image:height\" content=\"2560\" \/>\n\t<meta property=\"og:image:type\" content=\"image\/jpeg\" \/>\n<meta name=\"twitter:card\" content=\"summary_large_image\" \/>\n<meta name=\"twitter:label1\" content=\"Est. reading time\" \/>\n\t<meta name=\"twitter:data1\" content=\"1 minute\" \/>\n<script type=\"application\/ld+json\" class=\"yoast-schema-graph\">{\"@context\":\"https:\/\/schema.org\",\"@graph\":[{\"@type\":\"WebPage\",\"@id\":\"https:\/\/classic-uptodate.com\/fi\/hanke\/\",\"url\":\"https:\/\/classic-uptodate.com\/fi\/hanke\/\",\"name\":\"Hanke - classic uptodate\",\"isPartOf\":{\"@id\":\"https:\/\/classic-uptodate.com\/#website\"},\"primaryImageOfPage\":{\"@id\":\"https:\/\/classic-uptodate.com\/fi\/hanke\/#primaryimage\"},\"image\":{\"@id\":\"https:\/\/classic-uptodate.com\/fi\/hanke\/#primaryimage\"},\"thumbnailUrl\":\"https:\/\/classic-uptodate.com\/wp-content\/uploads\/2024\/11\/spotify-glenn.jpg\",\"datePublished\":\"2023-04-14T14:31:59+00:00\",\"dateModified\":\"2025-11-08T17:28:38+00:00\",\"description\":\"Classical music with a modern edge\",\"breadcrumb\":{\"@id\":\"https:\/\/classic-uptodate.com\/fi\/hanke\/#breadcrumb\"},\"inLanguage\":\"fi\",\"potentialAction\":[{\"@type\":\"ReadAction\",\"target\":[\"https:\/\/classic-uptodate.com\/fi\/hanke\/\"]}]},{\"@type\":\"ImageObject\",\"inLanguage\":\"fi\",\"@id\":\"https:\/\/classic-uptodate.com\/fi\/hanke\/#primaryimage\",\"url\":\"https:\/\/classic-uptodate.com\/wp-content\/uploads\/2024\/11\/spotify-glenn.jpg\",\"contentUrl\":\"https:\/\/classic-uptodate.com\/wp-content\/uploads\/2024\/11\/spotify-glenn.jpg\"},{\"@type\":\"BreadcrumbList\",\"@id\":\"https:\/\/classic-uptodate.com\/fi\/hanke\/#breadcrumb\",\"itemListElement\":[{\"@type\":\"ListItem\",\"position\":1,\"name\":\"Startseite\",\"item\":\"https:\/\/classic-uptodate.com\/fi\/\"},{\"@type\":\"ListItem\",\"position\":2,\"name\":\"Hanke\"}]},{\"@type\":\"WebSite\",\"@id\":\"https:\/\/classic-uptodate.com\/#website\",\"url\":\"https:\/\/classic-uptodate.com\/\",\"name\":\"classic uptodate\",\"description\":\"Classical music with a modern edge\",\"publisher\":{\"@id\":\"https:\/\/classic-uptodate.com\/#\/schema\/person\/511fff2aedb7777c03f60a046444f038\"},\"potentialAction\":[{\"@type\":\"SearchAction\",\"target\":{\"@type\":\"EntryPoint\",\"urlTemplate\":\"https:\/\/classic-uptodate.com\/?s={search_term_string}\"},\"query-input\":{\"@type\":\"PropertyValueSpecification\",\"valueRequired\":true,\"valueName\":\"search_term_string\"}}],\"inLanguage\":\"fi\"},{\"@type\":[\"Person\",\"Organization\"],\"@id\":\"https:\/\/classic-uptodate.com\/#\/schema\/person\/511fff2aedb7777c03f60a046444f038\",\"name\":\"Glenn Focus\",\"image\":{\"@type\":\"ImageObject\",\"inLanguage\":\"fi\",\"@id\":\"https:\/\/classic-uptodate.com\/#\/schema\/person\/image\/\",\"url\":\"https:\/\/secure.gravatar.com\/avatar\/5e8709bcc1fadf23c2fab1048d1e185865dee801f0fd31b0dca0eef86712860a?s=96&d=mm&r=g\",\"contentUrl\":\"https:\/\/secure.gravatar.com\/avatar\/5e8709bcc1fadf23c2fab1048d1e185865dee801f0fd31b0dca0eef86712860a?s=96&d=mm&r=g\",\"caption\":\"Glenn Focus\"},\"logo\":{\"@id\":\"https:\/\/classic-uptodate.com\/#\/schema\/person\/image\/\"}}]}<\/script>\n<!-- \/ Yoast SEO plugin. -->","yoast_head_json":{"title":"Hanke - classic uptodate","description":"Classical music with a modern edge","robots":{"index":"index","follow":"follow","max-snippet":"max-snippet:-1","max-image-preview":"max-image-preview:large","max-video-preview":"max-video-preview:-1"},"canonical":"https:\/\/classic-uptodate.com\/fi\/hanke\/","og_locale":"fi_FI","og_type":"article","og_title":"Hanke - classic uptodate","og_description":"Classical music with a modern edge","og_url":"https:\/\/classic-uptodate.com\/fi\/hanke\/","og_site_name":"classic uptodate","article_modified_time":"2025-11-08T17:28:38+00:00","og_image":[{"width":1438,"height":2560,"url":"https:\/\/classic-uptodate.com\/wp-content\/uploads\/2020\/10\/image-1-scaled.jpg","type":"image\/jpeg"}],"twitter_card":"summary_large_image","twitter_misc":{"Est. reading time":"1 minute"},"schema":{"@context":"https:\/\/schema.org","@graph":[{"@type":"WebPage","@id":"https:\/\/classic-uptodate.com\/fi\/hanke\/","url":"https:\/\/classic-uptodate.com\/fi\/hanke\/","name":"Hanke - classic uptodate","isPartOf":{"@id":"https:\/\/classic-uptodate.com\/#website"},"primaryImageOfPage":{"@id":"https:\/\/classic-uptodate.com\/fi\/hanke\/#primaryimage"},"image":{"@id":"https:\/\/classic-uptodate.com\/fi\/hanke\/#primaryimage"},"thumbnailUrl":"https:\/\/classic-uptodate.com\/wp-content\/uploads\/2024\/11\/spotify-glenn.jpg","datePublished":"2023-04-14T14:31:59+00:00","dateModified":"2025-11-08T17:28:38+00:00","description":"Classical music with a modern edge","breadcrumb":{"@id":"https:\/\/classic-uptodate.com\/fi\/hanke\/#breadcrumb"},"inLanguage":"fi","potentialAction":[{"@type":"ReadAction","target":["https:\/\/classic-uptodate.com\/fi\/hanke\/"]}]},{"@type":"ImageObject","inLanguage":"fi","@id":"https:\/\/classic-uptodate.com\/fi\/hanke\/#primaryimage","url":"https:\/\/classic-uptodate.com\/wp-content\/uploads\/2024\/11\/spotify-glenn.jpg","contentUrl":"https:\/\/classic-uptodate.com\/wp-content\/uploads\/2024\/11\/spotify-glenn.jpg"},{"@type":"BreadcrumbList","@id":"https:\/\/classic-uptodate.com\/fi\/hanke\/#breadcrumb","itemListElement":[{"@type":"ListItem","position":1,"name":"Startseite","item":"https:\/\/classic-uptodate.com\/fi\/"},{"@type":"ListItem","position":2,"name":"Hanke"}]},{"@type":"WebSite","@id":"https:\/\/classic-uptodate.com\/#website","url":"https:\/\/classic-uptodate.com\/","name":"classic uptodate","description":"Classical music with a modern edge","publisher":{"@id":"https:\/\/classic-uptodate.com\/#\/schema\/person\/511fff2aedb7777c03f60a046444f038"},"potentialAction":[{"@type":"SearchAction","target":{"@type":"EntryPoint","urlTemplate":"https:\/\/classic-uptodate.com\/?s={search_term_string}"},"query-input":{"@type":"PropertyValueSpecification","valueRequired":true,"valueName":"search_term_string"}}],"inLanguage":"fi"},{"@type":["Person","Organization"],"@id":"https:\/\/classic-uptodate.com\/#\/schema\/person\/511fff2aedb7777c03f60a046444f038","name":"Glenn Focus","image":{"@type":"ImageObject","inLanguage":"fi","@id":"https:\/\/classic-uptodate.com\/#\/schema\/person\/image\/","url":"https:\/\/secure.gravatar.com\/avatar\/5e8709bcc1fadf23c2fab1048d1e185865dee801f0fd31b0dca0eef86712860a?s=96&d=mm&r=g","contentUrl":"https:\/\/secure.gravatar.com\/avatar\/5e8709bcc1fadf23c2fab1048d1e185865dee801f0fd31b0dca0eef86712860a?s=96&d=mm&r=g","caption":"Glenn Focus"},"logo":{"@id":"https:\/\/classic-uptodate.com\/#\/schema\/person\/image\/"}}]}},"_links":{"self":[{"href":"https:\/\/classic-uptodate.com\/fi\/wp-json\/wp\/v2\/pages\/5290","targetHints":{"allow":["GET"]}}],"collection":[{"href":"https:\/\/classic-uptodate.com\/fi\/wp-json\/wp\/v2\/pages"}],"about":[{"href":"https:\/\/classic-uptodate.com\/fi\/wp-json\/wp\/v2\/types\/page"}],"author":[{"embeddable":true,"href":"https:\/\/classic-uptodate.com\/fi\/wp-json\/wp\/v2\/users\/4"}],"replies":[{"embeddable":true,"href":"https:\/\/classic-uptodate.com\/fi\/wp-json\/wp\/v2\/comments?post=5290"}],"version-history":[{"count":14,"href":"https:\/\/classic-uptodate.com\/fi\/wp-json\/wp\/v2\/pages\/5290\/revisions"}],"predecessor-version":[{"id":10964,"href":"https:\/\/classic-uptodate.com\/fi\/wp-json\/wp\/v2\/pages\/5290\/revisions\/10964"}],"wp:attachment":[{"href":"https:\/\/classic-uptodate.com\/fi\/wp-json\/wp\/v2\/media?parent=5290"}],"curies":[{"name":"wp","href":"https:\/\/api.w.org\/{rel}","templated":true}]}}