{"id":2875,"date":"2020-12-25T11:00:49","date_gmt":"2020-12-25T09:00:49","guid":{"rendered":"https:\/\/classic-uptodate.com\/?page_id=2875"},"modified":"2025-11-08T19:30:33","modified_gmt":"2025-11-08T17:30:33","slug":"el-proyecto","status":"publish","type":"page","link":"https:\/\/classic-uptodate.com\/es\/el-proyecto\/","title":{"rendered":"El proyecto"},"content":{"rendered":"<hr \/>\r\n<div class=\"alignright\"><img loading=\"lazy\" decoding=\"async\" class=\"wp-image-2703 size-medium\" src=\"https:\/\/classic-uptodate.com\/wp-content\/uploads\/2024\/11\/spotify-glenn.jpg\" alt=\"\" width=\"168\" height=\"300\" \/><\/div>\r\n<h2><b>\u00a1Lo cl\u00e1sico se une a lo pop!<\/b><\/h2>\r\n<p>Soy consciente del riesgo que conlleva dar un nuevo giro a composiciones cl\u00e1sicas tan maravillosas. Sin embargo, para m\u00ed es una profunda reverencia a todas aquellas grandes mentes creativas que las trajeron al mundo.<br \/><br \/>Tambi\u00e9n soy fan de Bach y me gustar\u00eda utilizar este m\u00e9todo poco convencional para acercar estas obras \u00abdif\u00edciles\u00bb a cualquier persona interesada.<\/p>\r\n<p>&nbsp;<\/p>\r\n<p>&nbsp;<\/p>\r\n<hr \/>\r\n<p><img loading=\"lazy\" decoding=\"async\" class=\"wp-image-1774 size-medium alignleft\" src=\"http:\/\/classic-uptodate.com\/wp-content\/uploads\/2014\/01\/image-1-300x285.jpg\" alt=\"\" width=\"300\" height=\"285\" srcset=\"https:\/\/classic-uptodate.com\/wp-content\/uploads\/2014\/01\/image-1-300x285.jpg 300w, https:\/\/classic-uptodate.com\/wp-content\/uploads\/2014\/01\/image-1-768x728.jpg 768w, https:\/\/classic-uptodate.com\/wp-content\/uploads\/2014\/01\/image-1-400x379.jpg 400w, https:\/\/classic-uptodate.com\/wp-content\/uploads\/2014\/01\/image-1-900x854.jpg 900w, https:\/\/classic-uptodate.com\/wp-content\/uploads\/2014\/01\/image-1-24x24.jpg 24w, https:\/\/classic-uptodate.com\/wp-content\/uploads\/2014\/01\/image-1-36x34.jpg 36w, https:\/\/classic-uptodate.com\/wp-content\/uploads\/2014\/01\/image-1-48x46.jpg 48w, https:\/\/classic-uptodate.com\/wp-content\/uploads\/2014\/01\/image-1.jpg 949w\" sizes=\"auto, (max-width: 300px) 100vw, 300px\" \/><\/p>\r\n<p>&nbsp;<\/p>\r\n<p>classic-uptodate combina la m\u00fasica cl\u00e1sica con la m\u00fasica pop r\u00edtmica y los sonidos pop, al igual que muchas otras maravillosas orquestas europeas como <b>James Last<\/b>, <b>Andr\u00e9 Rieu<\/b>, o int\u00e9rpretes como <b>Andrea Bocelli<\/b>, <b>Pl\u00e1cido Domingo<\/b>, <b>Sarah Brightman<\/b>, los violinistas <b>Nigel Kennedy<\/b>, <b>Vanessa-Mae<\/b> y <b>David Garrett<\/b>, cada uno con su estilo \u00fanico.<\/p>\r\n<p>\u00a1Disfrute escuchando! Glenn Focus<\/p>\r\n<p>&nbsp;<\/p>\r\n\r\n<p>&nbsp;<\/p>\r\n","protected":false},"excerpt":{"rendered":"<p>\u00a1Lo cl\u00e1sico se une a lo pop! Soy consciente del riesgo que conlleva dar un nuevo giro a composiciones cl\u00e1sicas tan maravillosas. Sin embargo, para m\u00ed es una profunda reverencia a todas aquellas grandes mentes creativas que las trajeron al mundo. Tambi\u00e9n soy fan de Bach y me gustar\u00eda utilizar este m\u00e9todo poco convencional para [&hellip;]<\/p>\n","protected":false},"author":4,"featured_media":0,"parent":0,"menu_order":0,"comment_status":"closed","ping_status":"closed","template":"","meta":{"footnotes":""},"class_list":["post-2875","page","type-page","status-publish","hentry"],"yoast_head":"<!-- This site is optimized with the Yoast SEO plugin v26.3 - https:\/\/yoast.com\/wordpress\/plugins\/seo\/ -->\n<title>El proyecto - classic uptodate<\/title>\n<meta name=\"description\" content=\"Classical music with a modern edge\" \/>\n<meta name=\"robots\" content=\"index, follow, max-snippet:-1, max-image-preview:large, max-video-preview:-1\" \/>\n<link rel=\"canonical\" href=\"https:\/\/classic-uptodate.com\/es\/el-proyecto\/\" \/>\n<meta property=\"og:locale\" content=\"es_ES\" \/>\n<meta property=\"og:type\" content=\"article\" \/>\n<meta property=\"og:title\" content=\"El proyecto - classic uptodate\" \/>\n<meta property=\"og:description\" content=\"Classical music with a modern edge\" \/>\n<meta property=\"og:url\" content=\"https:\/\/classic-uptodate.com\/es\/el-proyecto\/\" \/>\n<meta property=\"og:site_name\" content=\"classic uptodate\" \/>\n<meta property=\"article:modified_time\" content=\"2025-11-08T17:30:33+00:00\" \/>\n<meta property=\"og:image\" content=\"https:\/\/classic-uptodate.com\/wp-content\/uploads\/2020\/10\/image-1-scaled.jpg\" \/>\n\t<meta property=\"og:image:width\" content=\"1438\" \/>\n\t<meta property=\"og:image:height\" content=\"2560\" \/>\n\t<meta property=\"og:image:type\" content=\"image\/jpeg\" \/>\n<meta name=\"twitter:card\" content=\"summary_large_image\" \/>\n<meta name=\"twitter:label1\" content=\"Est. reading time\" \/>\n\t<meta name=\"twitter:data1\" content=\"2 minutes\" \/>\n<script type=\"application\/ld+json\" class=\"yoast-schema-graph\">{\"@context\":\"https:\/\/schema.org\",\"@graph\":[{\"@type\":\"WebPage\",\"@id\":\"https:\/\/classic-uptodate.com\/es\/el-proyecto\/\",\"url\":\"https:\/\/classic-uptodate.com\/es\/el-proyecto\/\",\"name\":\"El proyecto - classic uptodate\",\"isPartOf\":{\"@id\":\"https:\/\/classic-uptodate.com\/#website\"},\"primaryImageOfPage\":{\"@id\":\"https:\/\/classic-uptodate.com\/es\/el-proyecto\/#primaryimage\"},\"image\":{\"@id\":\"https:\/\/classic-uptodate.com\/es\/el-proyecto\/#primaryimage\"},\"thumbnailUrl\":\"https:\/\/classic-uptodate.com\/wp-content\/uploads\/2024\/11\/spotify-glenn.jpg\",\"datePublished\":\"2020-12-25T09:00:49+00:00\",\"dateModified\":\"2025-11-08T17:30:33+00:00\",\"description\":\"Classical music with a modern edge\",\"breadcrumb\":{\"@id\":\"https:\/\/classic-uptodate.com\/es\/el-proyecto\/#breadcrumb\"},\"inLanguage\":\"es-ES\",\"potentialAction\":[{\"@type\":\"ReadAction\",\"target\":[\"https:\/\/classic-uptodate.com\/es\/el-proyecto\/\"]}]},{\"@type\":\"ImageObject\",\"inLanguage\":\"es-ES\",\"@id\":\"https:\/\/classic-uptodate.com\/es\/el-proyecto\/#primaryimage\",\"url\":\"https:\/\/classic-uptodate.com\/wp-content\/uploads\/2024\/11\/spotify-glenn.jpg\",\"contentUrl\":\"https:\/\/classic-uptodate.com\/wp-content\/uploads\/2024\/11\/spotify-glenn.jpg\"},{\"@type\":\"BreadcrumbList\",\"@id\":\"https:\/\/classic-uptodate.com\/es\/el-proyecto\/#breadcrumb\",\"itemListElement\":[{\"@type\":\"ListItem\",\"position\":1,\"name\":\"Startseite\",\"item\":\"https:\/\/classic-uptodate.com\/es\/\"},{\"@type\":\"ListItem\",\"position\":2,\"name\":\"El proyecto\"}]},{\"@type\":\"WebSite\",\"@id\":\"https:\/\/classic-uptodate.com\/#website\",\"url\":\"https:\/\/classic-uptodate.com\/\",\"name\":\"classic uptodate\",\"description\":\"Classical music with a modern edge\",\"publisher\":{\"@id\":\"https:\/\/classic-uptodate.com\/#\/schema\/person\/511fff2aedb7777c03f60a046444f038\"},\"potentialAction\":[{\"@type\":\"SearchAction\",\"target\":{\"@type\":\"EntryPoint\",\"urlTemplate\":\"https:\/\/classic-uptodate.com\/?s={search_term_string}\"},\"query-input\":{\"@type\":\"PropertyValueSpecification\",\"valueRequired\":true,\"valueName\":\"search_term_string\"}}],\"inLanguage\":\"es-ES\"},{\"@type\":[\"Person\",\"Organization\"],\"@id\":\"https:\/\/classic-uptodate.com\/#\/schema\/person\/511fff2aedb7777c03f60a046444f038\",\"name\":\"Glenn Focus\",\"image\":{\"@type\":\"ImageObject\",\"inLanguage\":\"es-ES\",\"@id\":\"https:\/\/classic-uptodate.com\/#\/schema\/person\/image\/\",\"url\":\"https:\/\/secure.gravatar.com\/avatar\/5e8709bcc1fadf23c2fab1048d1e185865dee801f0fd31b0dca0eef86712860a?s=96&d=mm&r=g\",\"contentUrl\":\"https:\/\/secure.gravatar.com\/avatar\/5e8709bcc1fadf23c2fab1048d1e185865dee801f0fd31b0dca0eef86712860a?s=96&d=mm&r=g\",\"caption\":\"Glenn Focus\"},\"logo\":{\"@id\":\"https:\/\/classic-uptodate.com\/#\/schema\/person\/image\/\"}}]}<\/script>\n<!-- \/ Yoast SEO plugin. -->","yoast_head_json":{"title":"El proyecto - classic uptodate","description":"Classical music with a modern edge","robots":{"index":"index","follow":"follow","max-snippet":"max-snippet:-1","max-image-preview":"max-image-preview:large","max-video-preview":"max-video-preview:-1"},"canonical":"https:\/\/classic-uptodate.com\/es\/el-proyecto\/","og_locale":"es_ES","og_type":"article","og_title":"El proyecto - classic uptodate","og_description":"Classical music with a modern edge","og_url":"https:\/\/classic-uptodate.com\/es\/el-proyecto\/","og_site_name":"classic uptodate","article_modified_time":"2025-11-08T17:30:33+00:00","og_image":[{"width":1438,"height":2560,"url":"https:\/\/classic-uptodate.com\/wp-content\/uploads\/2020\/10\/image-1-scaled.jpg","type":"image\/jpeg"}],"twitter_card":"summary_large_image","twitter_misc":{"Est. reading time":"2 minutes"},"schema":{"@context":"https:\/\/schema.org","@graph":[{"@type":"WebPage","@id":"https:\/\/classic-uptodate.com\/es\/el-proyecto\/","url":"https:\/\/classic-uptodate.com\/es\/el-proyecto\/","name":"El proyecto - classic uptodate","isPartOf":{"@id":"https:\/\/classic-uptodate.com\/#website"},"primaryImageOfPage":{"@id":"https:\/\/classic-uptodate.com\/es\/el-proyecto\/#primaryimage"},"image":{"@id":"https:\/\/classic-uptodate.com\/es\/el-proyecto\/#primaryimage"},"thumbnailUrl":"https:\/\/classic-uptodate.com\/wp-content\/uploads\/2024\/11\/spotify-glenn.jpg","datePublished":"2020-12-25T09:00:49+00:00","dateModified":"2025-11-08T17:30:33+00:00","description":"Classical music with a modern edge","breadcrumb":{"@id":"https:\/\/classic-uptodate.com\/es\/el-proyecto\/#breadcrumb"},"inLanguage":"es-ES","potentialAction":[{"@type":"ReadAction","target":["https:\/\/classic-uptodate.com\/es\/el-proyecto\/"]}]},{"@type":"ImageObject","inLanguage":"es-ES","@id":"https:\/\/classic-uptodate.com\/es\/el-proyecto\/#primaryimage","url":"https:\/\/classic-uptodate.com\/wp-content\/uploads\/2024\/11\/spotify-glenn.jpg","contentUrl":"https:\/\/classic-uptodate.com\/wp-content\/uploads\/2024\/11\/spotify-glenn.jpg"},{"@type":"BreadcrumbList","@id":"https:\/\/classic-uptodate.com\/es\/el-proyecto\/#breadcrumb","itemListElement":[{"@type":"ListItem","position":1,"name":"Startseite","item":"https:\/\/classic-uptodate.com\/es\/"},{"@type":"ListItem","position":2,"name":"El proyecto"}]},{"@type":"WebSite","@id":"https:\/\/classic-uptodate.com\/#website","url":"https:\/\/classic-uptodate.com\/","name":"classic uptodate","description":"Classical music with a modern edge","publisher":{"@id":"https:\/\/classic-uptodate.com\/#\/schema\/person\/511fff2aedb7777c03f60a046444f038"},"potentialAction":[{"@type":"SearchAction","target":{"@type":"EntryPoint","urlTemplate":"https:\/\/classic-uptodate.com\/?s={search_term_string}"},"query-input":{"@type":"PropertyValueSpecification","valueRequired":true,"valueName":"search_term_string"}}],"inLanguage":"es-ES"},{"@type":["Person","Organization"],"@id":"https:\/\/classic-uptodate.com\/#\/schema\/person\/511fff2aedb7777c03f60a046444f038","name":"Glenn Focus","image":{"@type":"ImageObject","inLanguage":"es-ES","@id":"https:\/\/classic-uptodate.com\/#\/schema\/person\/image\/","url":"https:\/\/secure.gravatar.com\/avatar\/5e8709bcc1fadf23c2fab1048d1e185865dee801f0fd31b0dca0eef86712860a?s=96&d=mm&r=g","contentUrl":"https:\/\/secure.gravatar.com\/avatar\/5e8709bcc1fadf23c2fab1048d1e185865dee801f0fd31b0dca0eef86712860a?s=96&d=mm&r=g","caption":"Glenn Focus"},"logo":{"@id":"https:\/\/classic-uptodate.com\/#\/schema\/person\/image\/"}}]}},"_links":{"self":[{"href":"https:\/\/classic-uptodate.com\/es\/wp-json\/wp\/v2\/pages\/2875","targetHints":{"allow":["GET"]}}],"collection":[{"href":"https:\/\/classic-uptodate.com\/es\/wp-json\/wp\/v2\/pages"}],"about":[{"href":"https:\/\/classic-uptodate.com\/es\/wp-json\/wp\/v2\/types\/page"}],"author":[{"embeddable":true,"href":"https:\/\/classic-uptodate.com\/es\/wp-json\/wp\/v2\/users\/4"}],"replies":[{"embeddable":true,"href":"https:\/\/classic-uptodate.com\/es\/wp-json\/wp\/v2\/comments?post=2875"}],"version-history":[{"count":9,"href":"https:\/\/classic-uptodate.com\/es\/wp-json\/wp\/v2\/pages\/2875\/revisions"}],"predecessor-version":[{"id":10970,"href":"https:\/\/classic-uptodate.com\/es\/wp-json\/wp\/v2\/pages\/2875\/revisions\/10970"}],"wp:attachment":[{"href":"https:\/\/classic-uptodate.com\/es\/wp-json\/wp\/v2\/media?parent=2875"}],"curies":[{"name":"wp","href":"https:\/\/api.w.org\/{rel}","templated":true}]}}