{"id":2806,"date":"2020-12-20T13:03:29","date_gmt":"2020-12-20T11:03:29","guid":{"rendered":"https:\/\/classic-uptodate.com\/?page_id=2806"},"modified":"2021-07-29T16:00:27","modified_gmt":"2021-07-29T14:00:27","slug":"komponisten","status":"publish","type":"page","link":"https:\/\/classic-uptodate.com\/de\/komponisten\/","title":{"rendered":"Komponisten"},"content":{"rendered":"\n<p><strong>Komponisten<\/strong><br><a href=\"https:\/\/www.amazon.com\/-\/de\/dp\/B00GN6XC78\/ref=dm_ws_ps_adp\"><strong>The Classic-UpToDate Orchestra<\/strong><\/a> kombiniert klassische Musik mit rhythmischer Popmusik, genau wie viele andere wunderbare europ\u00e4ische Orchester wie <strong>James Last<\/strong>, <strong>Andr\u00e9 Rieu<\/strong> oder Interpreten wie <strong>Andrea Bocelli<\/strong>, <strong>Pl\u00e1cido Domingo<\/strong>, <strong>Sarah Brightman<\/strong>, die Geiger <strong>Nigel Kennedy<\/strong>, <strong>Vanessa-Mae<\/strong> oder <strong>David Garrett<\/strong> mit ihrem eigenen Stil.<\/p>\n","protected":false},"excerpt":{"rendered":"<p>KomponistenThe Classic-UpToDate Orchestra kombiniert klassische Musik mit rhythmischer Popmusik, genau wie viele andere wunderbare europ\u00e4ische Orchester wie James Last, Andr\u00e9 Rieu oder Interpreten wie Andrea Bocelli, Pl\u00e1cido Domingo, Sarah Brightman, die Geiger Nigel Kennedy, Vanessa-Mae oder David Garrett mit ihrem eigenen Stil.<\/p>\n","protected":false},"author":4,"featured_media":0,"parent":0,"menu_order":0,"comment_status":"closed","ping_status":"closed","template":"template-music.php","meta":{"footnotes":""},"class_list":["post-2806","page","type-page","status-publish","hentry"],"yoast_head":"<!-- This site is optimized with the Yoast SEO plugin v27.5 - https:\/\/yoast.com\/product\/yoast-seo-wordpress\/ -->\n<title>Komponisten - classic uptodate<\/title>\n<meta name=\"description\" content=\"Classical music with a modern edge\" \/>\n<meta name=\"robots\" content=\"index, follow, max-snippet:-1, max-image-preview:large, max-video-preview:-1\" \/>\n<link rel=\"canonical\" href=\"https:\/\/classic-uptodate.com\/de\/komponisten\/\" \/>\n<meta property=\"og:locale\" content=\"de_DE\" \/>\n<meta property=\"og:type\" content=\"article\" \/>\n<meta property=\"og:title\" content=\"Komponisten - classic uptodate\" \/>\n<meta property=\"og:description\" content=\"Classical music with a modern edge\" \/>\n<meta property=\"og:url\" content=\"https:\/\/classic-uptodate.com\/de\/komponisten\/\" \/>\n<meta property=\"og:site_name\" content=\"classic uptodate\" \/>\n<meta property=\"article:modified_time\" content=\"2021-07-29T14:00:27+00:00\" \/>\n<meta name=\"twitter:card\" content=\"summary_large_image\" \/>\n<meta name=\"twitter:label1\" content=\"Gesch\u00e4tzte Lesezeit\" \/>\n\t<meta name=\"twitter:data1\" content=\"1\u00a0Minute\" \/>\n<script type=\"application\/ld+json\" class=\"yoast-schema-graph\">{\"@context\":\"https:\\\/\\\/schema.org\",\"@graph\":[{\"@type\":\"WebPage\",\"@id\":\"https:\\\/\\\/classic-uptodate.com\\\/de\\\/komponisten\\\/\",\"url\":\"https:\\\/\\\/classic-uptodate.com\\\/de\\\/komponisten\\\/\",\"name\":\"Komponisten - classic uptodate\",\"isPartOf\":{\"@id\":\"https:\\\/\\\/classic-uptodate.com\\\/#website\"},\"datePublished\":\"2020-12-20T11:03:29+00:00\",\"dateModified\":\"2021-07-29T14:00:27+00:00\",\"description\":\"Classical music with a modern edge\",\"breadcrumb\":{\"@id\":\"https:\\\/\\\/classic-uptodate.com\\\/de\\\/komponisten\\\/#breadcrumb\"},\"inLanguage\":\"de\",\"potentialAction\":[{\"@type\":\"ReadAction\",\"target\":[\"https:\\\/\\\/classic-uptodate.com\\\/de\\\/komponisten\\\/\"]}]},{\"@type\":\"BreadcrumbList\",\"@id\":\"https:\\\/\\\/classic-uptodate.com\\\/de\\\/komponisten\\\/#breadcrumb\",\"itemListElement\":[{\"@type\":\"ListItem\",\"position\":1,\"name\":\"Startseite\",\"item\":\"https:\\\/\\\/classic-uptodate.com\\\/de\\\/\"},{\"@type\":\"ListItem\",\"position\":2,\"name\":\"Komponisten\"}]},{\"@type\":\"WebSite\",\"@id\":\"https:\\\/\\\/classic-uptodate.com\\\/#website\",\"url\":\"https:\\\/\\\/classic-uptodate.com\\\/\",\"name\":\"classic uptodate\",\"description\":\"Classical music with a modern edge\",\"publisher\":{\"@id\":\"https:\\\/\\\/classic-uptodate.com\\\/#\\\/schema\\\/person\\\/511fff2aedb7777c03f60a046444f038\"},\"potentialAction\":[{\"@type\":\"SearchAction\",\"target\":{\"@type\":\"EntryPoint\",\"urlTemplate\":\"https:\\\/\\\/classic-uptodate.com\\\/?s={search_term_string}\"},\"query-input\":{\"@type\":\"PropertyValueSpecification\",\"valueRequired\":true,\"valueName\":\"search_term_string\"}}],\"inLanguage\":\"de\"},{\"@type\":[\"Person\",\"Organization\"],\"@id\":\"https:\\\/\\\/classic-uptodate.com\\\/#\\\/schema\\\/person\\\/511fff2aedb7777c03f60a046444f038\",\"name\":\"Glenn Focus\",\"image\":{\"@type\":\"ImageObject\",\"inLanguage\":\"de\",\"@id\":\"https:\\\/\\\/secure.gravatar.com\\\/avatar\\\/5e8709bcc1fadf23c2fab1048d1e185865dee801f0fd31b0dca0eef86712860a?s=96&d=mm&r=g\",\"url\":\"https:\\\/\\\/secure.gravatar.com\\\/avatar\\\/5e8709bcc1fadf23c2fab1048d1e185865dee801f0fd31b0dca0eef86712860a?s=96&d=mm&r=g\",\"contentUrl\":\"https:\\\/\\\/secure.gravatar.com\\\/avatar\\\/5e8709bcc1fadf23c2fab1048d1e185865dee801f0fd31b0dca0eef86712860a?s=96&d=mm&r=g\",\"caption\":\"Glenn Focus\"},\"logo\":{\"@id\":\"https:\\\/\\\/secure.gravatar.com\\\/avatar\\\/5e8709bcc1fadf23c2fab1048d1e185865dee801f0fd31b0dca0eef86712860a?s=96&d=mm&r=g\"}}]}<\/script>\n<!-- \/ Yoast SEO plugin. -->","yoast_head_json":{"title":"Komponisten - classic uptodate","description":"Classical music with a modern edge","robots":{"index":"index","follow":"follow","max-snippet":"max-snippet:-1","max-image-preview":"max-image-preview:large","max-video-preview":"max-video-preview:-1"},"canonical":"https:\/\/classic-uptodate.com\/de\/komponisten\/","og_locale":"de_DE","og_type":"article","og_title":"Komponisten - classic uptodate","og_description":"Classical music with a modern edge","og_url":"https:\/\/classic-uptodate.com\/de\/komponisten\/","og_site_name":"classic uptodate","article_modified_time":"2021-07-29T14:00:27+00:00","twitter_card":"summary_large_image","twitter_misc":{"Gesch\u00e4tzte Lesezeit":"1\u00a0Minute"},"schema":{"@context":"https:\/\/schema.org","@graph":[{"@type":"WebPage","@id":"https:\/\/classic-uptodate.com\/de\/komponisten\/","url":"https:\/\/classic-uptodate.com\/de\/komponisten\/","name":"Komponisten - classic uptodate","isPartOf":{"@id":"https:\/\/classic-uptodate.com\/#website"},"datePublished":"2020-12-20T11:03:29+00:00","dateModified":"2021-07-29T14:00:27+00:00","description":"Classical music with a modern edge","breadcrumb":{"@id":"https:\/\/classic-uptodate.com\/de\/komponisten\/#breadcrumb"},"inLanguage":"de","potentialAction":[{"@type":"ReadAction","target":["https:\/\/classic-uptodate.com\/de\/komponisten\/"]}]},{"@type":"BreadcrumbList","@id":"https:\/\/classic-uptodate.com\/de\/komponisten\/#breadcrumb","itemListElement":[{"@type":"ListItem","position":1,"name":"Startseite","item":"https:\/\/classic-uptodate.com\/de\/"},{"@type":"ListItem","position":2,"name":"Komponisten"}]},{"@type":"WebSite","@id":"https:\/\/classic-uptodate.com\/#website","url":"https:\/\/classic-uptodate.com\/","name":"classic uptodate","description":"Classical music with a modern edge","publisher":{"@id":"https:\/\/classic-uptodate.com\/#\/schema\/person\/511fff2aedb7777c03f60a046444f038"},"potentialAction":[{"@type":"SearchAction","target":{"@type":"EntryPoint","urlTemplate":"https:\/\/classic-uptodate.com\/?s={search_term_string}"},"query-input":{"@type":"PropertyValueSpecification","valueRequired":true,"valueName":"search_term_string"}}],"inLanguage":"de"},{"@type":["Person","Organization"],"@id":"https:\/\/classic-uptodate.com\/#\/schema\/person\/511fff2aedb7777c03f60a046444f038","name":"Glenn Focus","image":{"@type":"ImageObject","inLanguage":"de","@id":"https:\/\/secure.gravatar.com\/avatar\/5e8709bcc1fadf23c2fab1048d1e185865dee801f0fd31b0dca0eef86712860a?s=96&d=mm&r=g","url":"https:\/\/secure.gravatar.com\/avatar\/5e8709bcc1fadf23c2fab1048d1e185865dee801f0fd31b0dca0eef86712860a?s=96&d=mm&r=g","contentUrl":"https:\/\/secure.gravatar.com\/avatar\/5e8709bcc1fadf23c2fab1048d1e185865dee801f0fd31b0dca0eef86712860a?s=96&d=mm&r=g","caption":"Glenn Focus"},"logo":{"@id":"https:\/\/secure.gravatar.com\/avatar\/5e8709bcc1fadf23c2fab1048d1e185865dee801f0fd31b0dca0eef86712860a?s=96&d=mm&r=g"}}]}},"_links":{"self":[{"href":"https:\/\/classic-uptodate.com\/de\/wp-json\/wp\/v2\/pages\/2806","targetHints":{"allow":["GET"]}}],"collection":[{"href":"https:\/\/classic-uptodate.com\/de\/wp-json\/wp\/v2\/pages"}],"about":[{"href":"https:\/\/classic-uptodate.com\/de\/wp-json\/wp\/v2\/types\/page"}],"author":[{"embeddable":true,"href":"https:\/\/classic-uptodate.com\/de\/wp-json\/wp\/v2\/users\/4"}],"replies":[{"embeddable":true,"href":"https:\/\/classic-uptodate.com\/de\/wp-json\/wp\/v2\/comments?post=2806"}],"version-history":[{"count":4,"href":"https:\/\/classic-uptodate.com\/de\/wp-json\/wp\/v2\/pages\/2806\/revisions"}],"predecessor-version":[{"id":3306,"href":"https:\/\/classic-uptodate.com\/de\/wp-json\/wp\/v2\/pages\/2806\/revisions\/3306"}],"wp:attachment":[{"href":"https:\/\/classic-uptodate.com\/de\/wp-json\/wp\/v2\/media?parent=2806"}],"curies":[{"name":"wp","href":"https:\/\/api.w.org\/{rel}","templated":true}]}}