{"id":2794,"date":"2020-12-20T12:54:01","date_gmt":"2020-12-20T10:54:01","guid":{"rendered":"https:\/\/classic-uptodate.com\/?page_id=2794"},"modified":"2025-11-08T19:28:51","modified_gmt":"2025-11-08T17:28:51","slug":"das-projekt","status":"publish","type":"page","link":"https:\/\/classic-uptodate.com\/de\/das-projekt\/","title":{"rendered":"Das Projekt"},"content":{"rendered":"<hr \/>\r\n<div class=\"alignright\"><img loading=\"lazy\" decoding=\"async\" class=\"wp-image-2703 size-medium\" src=\"https:\/\/classic-uptodate.com\/wp-content\/uploads\/2024\/11\/spotify-glenn.jpg\" alt=\"\" width=\"168\" height=\"300\" \/><\/div>\r\n<h2>Klassik trifft Pop!<\/h2>\r\n<p>Ich bin mir des Risikos bewusst, das damit verbunden ist, solch wunderbare klassische Kompositionen neu zu interpretieren. F\u00fcr mich ist es jedoch eine tiefe Verbeugung vor all den gro\u00dfen kreativen K\u00f6pfen, die sie geschaffen haben.<\/p>\r\n<p>&nbsp;<\/p>\r\n<p>&nbsp;<\/p>\r\n<p>Ich bin auch ein Bach-Fan und m\u00f6chte diese unkonventionelle Methode nutzen, um diese \u201eschwierigen\u201c Werke allen Interessierten n\u00e4her zu bringen.<br \/><br \/><img loading=\"lazy\" decoding=\"async\" class=\"wp-image-1774 size-medium alignleft\" src=\"http:\/\/classic-uptodate.com\/wp-content\/uploads\/2014\/01\/image-1-300x285.jpg\" alt=\"\" width=\"300\" height=\"285\" srcset=\"https:\/\/classic-uptodate.com\/wp-content\/uploads\/2014\/01\/image-1-300x285.jpg 300w, https:\/\/classic-uptodate.com\/wp-content\/uploads\/2014\/01\/image-1-768x728.jpg 768w, https:\/\/classic-uptodate.com\/wp-content\/uploads\/2014\/01\/image-1-400x379.jpg 400w, https:\/\/classic-uptodate.com\/wp-content\/uploads\/2014\/01\/image-1-900x854.jpg 900w, https:\/\/classic-uptodate.com\/wp-content\/uploads\/2014\/01\/image-1-24x24.jpg 24w, https:\/\/classic-uptodate.com\/wp-content\/uploads\/2014\/01\/image-1-36x34.jpg 36w, https:\/\/classic-uptodate.com\/wp-content\/uploads\/2014\/01\/image-1-48x46.jpg 48w, https:\/\/classic-uptodate.com\/wp-content\/uploads\/2014\/01\/image-1.jpg 949w\" sizes=\"auto, (max-width: 300px) 100vw, 300px\" \/><\/p>\r\n<p>&nbsp;<\/p>\r\n<p>classic-uptodate verbindet klassische Musik mit rhythmischer Popmusik und Popkl\u00e4ngen, genau wie viele andere wunderbare europ\u00e4ische Orchester wie <strong>James Last<\/strong>, <strong>Andr\u00e9 Rieu<\/strong> oder Interpreten wie <strong>Andrea Bocelli<\/strong>, <strong>Pl\u00e1cido Domingo<\/strong>, <strong>Sarah Brightman<\/strong>, die Violinisten <strong>Nigel Kennedy<\/strong>, <strong>Vanessa-Mae<\/strong> und <strong>David Garrett<\/strong>, jeder mit seinem ganz eigenen Stil.<\/p>\r\n<p>Viel Spa\u00df beim Zuh\u00f6ren! Glenn Focus<br \/><br \/><\/p>\r\n\r\n<p>&nbsp;<\/p>\r\n","protected":false},"excerpt":{"rendered":"<p>Klassik trifft Pop! Ich bin mir des Risikos bewusst, das damit verbunden ist, solch wunderbare klassische Kompositionen neu zu interpretieren. F\u00fcr mich ist es jedoch eine tiefe Verbeugung vor all den gro\u00dfen kreativen K\u00f6pfen, die sie geschaffen haben. &nbsp; &nbsp; Ich bin auch ein Bach-Fan und m\u00f6chte diese unkonventionelle Methode nutzen, um diese \u201eschwierigen\u201c Werke [&hellip;]<\/p>\n","protected":false},"author":4,"featured_media":0,"parent":0,"menu_order":0,"comment_status":"closed","ping_status":"closed","template":"","meta":{"footnotes":""},"class_list":["post-2794","page","type-page","status-publish","hentry"],"yoast_head":"<!-- This site is optimized with the Yoast SEO plugin v26.3 - https:\/\/yoast.com\/wordpress\/plugins\/seo\/ -->\n<title>Das Projekt - classic uptodate<\/title>\n<meta name=\"description\" content=\"Classical music with a modern edge\" \/>\n<meta name=\"robots\" content=\"index, follow, max-snippet:-1, max-image-preview:large, max-video-preview:-1\" \/>\n<link rel=\"canonical\" href=\"https:\/\/classic-uptodate.com\/de\/das-projekt\/\" \/>\n<meta property=\"og:locale\" content=\"de_DE\" \/>\n<meta property=\"og:type\" content=\"article\" \/>\n<meta property=\"og:title\" content=\"Das Projekt - classic uptodate\" \/>\n<meta property=\"og:description\" content=\"Classical music with a modern edge\" \/>\n<meta property=\"og:url\" content=\"https:\/\/classic-uptodate.com\/de\/das-projekt\/\" \/>\n<meta property=\"og:site_name\" content=\"classic uptodate\" \/>\n<meta property=\"article:modified_time\" content=\"2025-11-08T17:28:51+00:00\" \/>\n<meta property=\"og:image\" content=\"https:\/\/classic-uptodate.com\/wp-content\/uploads\/2020\/10\/image-1-scaled.jpg\" \/>\n\t<meta property=\"og:image:width\" content=\"1438\" \/>\n\t<meta property=\"og:image:height\" content=\"2560\" \/>\n\t<meta property=\"og:image:type\" content=\"image\/jpeg\" \/>\n<meta name=\"twitter:card\" content=\"summary_large_image\" \/>\n<meta name=\"twitter:label1\" content=\"Gesch\u00e4tzte Lesezeit\" \/>\n\t<meta name=\"twitter:data1\" content=\"2\u00a0Minuten\" \/>\n<script type=\"application\/ld+json\" class=\"yoast-schema-graph\">{\"@context\":\"https:\/\/schema.org\",\"@graph\":[{\"@type\":\"WebPage\",\"@id\":\"https:\/\/classic-uptodate.com\/de\/das-projekt\/\",\"url\":\"https:\/\/classic-uptodate.com\/de\/das-projekt\/\",\"name\":\"Das Projekt - classic uptodate\",\"isPartOf\":{\"@id\":\"https:\/\/classic-uptodate.com\/#website\"},\"primaryImageOfPage\":{\"@id\":\"https:\/\/classic-uptodate.com\/de\/das-projekt\/#primaryimage\"},\"image\":{\"@id\":\"https:\/\/classic-uptodate.com\/de\/das-projekt\/#primaryimage\"},\"thumbnailUrl\":\"https:\/\/classic-uptodate.com\/wp-content\/uploads\/2024\/11\/spotify-glenn.jpg\",\"datePublished\":\"2020-12-20T10:54:01+00:00\",\"dateModified\":\"2025-11-08T17:28:51+00:00\",\"description\":\"Classical music with a modern edge\",\"breadcrumb\":{\"@id\":\"https:\/\/classic-uptodate.com\/de\/das-projekt\/#breadcrumb\"},\"inLanguage\":\"de\",\"potentialAction\":[{\"@type\":\"ReadAction\",\"target\":[\"https:\/\/classic-uptodate.com\/de\/das-projekt\/\"]}]},{\"@type\":\"ImageObject\",\"inLanguage\":\"de\",\"@id\":\"https:\/\/classic-uptodate.com\/de\/das-projekt\/#primaryimage\",\"url\":\"https:\/\/classic-uptodate.com\/wp-content\/uploads\/2024\/11\/spotify-glenn.jpg\",\"contentUrl\":\"https:\/\/classic-uptodate.com\/wp-content\/uploads\/2024\/11\/spotify-glenn.jpg\"},{\"@type\":\"BreadcrumbList\",\"@id\":\"https:\/\/classic-uptodate.com\/de\/das-projekt\/#breadcrumb\",\"itemListElement\":[{\"@type\":\"ListItem\",\"position\":1,\"name\":\"Startseite\",\"item\":\"https:\/\/classic-uptodate.com\/de\/\"},{\"@type\":\"ListItem\",\"position\":2,\"name\":\"Das Projekt\"}]},{\"@type\":\"WebSite\",\"@id\":\"https:\/\/classic-uptodate.com\/#website\",\"url\":\"https:\/\/classic-uptodate.com\/\",\"name\":\"classic uptodate\",\"description\":\"Classical music with a modern edge\",\"publisher\":{\"@id\":\"https:\/\/classic-uptodate.com\/#\/schema\/person\/511fff2aedb7777c03f60a046444f038\"},\"potentialAction\":[{\"@type\":\"SearchAction\",\"target\":{\"@type\":\"EntryPoint\",\"urlTemplate\":\"https:\/\/classic-uptodate.com\/?s={search_term_string}\"},\"query-input\":{\"@type\":\"PropertyValueSpecification\",\"valueRequired\":true,\"valueName\":\"search_term_string\"}}],\"inLanguage\":\"de\"},{\"@type\":[\"Person\",\"Organization\"],\"@id\":\"https:\/\/classic-uptodate.com\/#\/schema\/person\/511fff2aedb7777c03f60a046444f038\",\"name\":\"Glenn Focus\",\"image\":{\"@type\":\"ImageObject\",\"inLanguage\":\"de\",\"@id\":\"https:\/\/classic-uptodate.com\/#\/schema\/person\/image\/\",\"url\":\"https:\/\/secure.gravatar.com\/avatar\/5e8709bcc1fadf23c2fab1048d1e185865dee801f0fd31b0dca0eef86712860a?s=96&d=mm&r=g\",\"contentUrl\":\"https:\/\/secure.gravatar.com\/avatar\/5e8709bcc1fadf23c2fab1048d1e185865dee801f0fd31b0dca0eef86712860a?s=96&d=mm&r=g\",\"caption\":\"Glenn Focus\"},\"logo\":{\"@id\":\"https:\/\/classic-uptodate.com\/#\/schema\/person\/image\/\"}}]}<\/script>\n<!-- \/ Yoast SEO plugin. -->","yoast_head_json":{"title":"Das Projekt - classic uptodate","description":"Classical music with a modern edge","robots":{"index":"index","follow":"follow","max-snippet":"max-snippet:-1","max-image-preview":"max-image-preview:large","max-video-preview":"max-video-preview:-1"},"canonical":"https:\/\/classic-uptodate.com\/de\/das-projekt\/","og_locale":"de_DE","og_type":"article","og_title":"Das Projekt - classic uptodate","og_description":"Classical music with a modern edge","og_url":"https:\/\/classic-uptodate.com\/de\/das-projekt\/","og_site_name":"classic uptodate","article_modified_time":"2025-11-08T17:28:51+00:00","og_image":[{"width":1438,"height":2560,"url":"https:\/\/classic-uptodate.com\/wp-content\/uploads\/2020\/10\/image-1-scaled.jpg","type":"image\/jpeg"}],"twitter_card":"summary_large_image","twitter_misc":{"Gesch\u00e4tzte Lesezeit":"2\u00a0Minuten"},"schema":{"@context":"https:\/\/schema.org","@graph":[{"@type":"WebPage","@id":"https:\/\/classic-uptodate.com\/de\/das-projekt\/","url":"https:\/\/classic-uptodate.com\/de\/das-projekt\/","name":"Das Projekt - classic uptodate","isPartOf":{"@id":"https:\/\/classic-uptodate.com\/#website"},"primaryImageOfPage":{"@id":"https:\/\/classic-uptodate.com\/de\/das-projekt\/#primaryimage"},"image":{"@id":"https:\/\/classic-uptodate.com\/de\/das-projekt\/#primaryimage"},"thumbnailUrl":"https:\/\/classic-uptodate.com\/wp-content\/uploads\/2024\/11\/spotify-glenn.jpg","datePublished":"2020-12-20T10:54:01+00:00","dateModified":"2025-11-08T17:28:51+00:00","description":"Classical music with a modern edge","breadcrumb":{"@id":"https:\/\/classic-uptodate.com\/de\/das-projekt\/#breadcrumb"},"inLanguage":"de","potentialAction":[{"@type":"ReadAction","target":["https:\/\/classic-uptodate.com\/de\/das-projekt\/"]}]},{"@type":"ImageObject","inLanguage":"de","@id":"https:\/\/classic-uptodate.com\/de\/das-projekt\/#primaryimage","url":"https:\/\/classic-uptodate.com\/wp-content\/uploads\/2024\/11\/spotify-glenn.jpg","contentUrl":"https:\/\/classic-uptodate.com\/wp-content\/uploads\/2024\/11\/spotify-glenn.jpg"},{"@type":"BreadcrumbList","@id":"https:\/\/classic-uptodate.com\/de\/das-projekt\/#breadcrumb","itemListElement":[{"@type":"ListItem","position":1,"name":"Startseite","item":"https:\/\/classic-uptodate.com\/de\/"},{"@type":"ListItem","position":2,"name":"Das Projekt"}]},{"@type":"WebSite","@id":"https:\/\/classic-uptodate.com\/#website","url":"https:\/\/classic-uptodate.com\/","name":"classic uptodate","description":"Classical music with a modern edge","publisher":{"@id":"https:\/\/classic-uptodate.com\/#\/schema\/person\/511fff2aedb7777c03f60a046444f038"},"potentialAction":[{"@type":"SearchAction","target":{"@type":"EntryPoint","urlTemplate":"https:\/\/classic-uptodate.com\/?s={search_term_string}"},"query-input":{"@type":"PropertyValueSpecification","valueRequired":true,"valueName":"search_term_string"}}],"inLanguage":"de"},{"@type":["Person","Organization"],"@id":"https:\/\/classic-uptodate.com\/#\/schema\/person\/511fff2aedb7777c03f60a046444f038","name":"Glenn Focus","image":{"@type":"ImageObject","inLanguage":"de","@id":"https:\/\/classic-uptodate.com\/#\/schema\/person\/image\/","url":"https:\/\/secure.gravatar.com\/avatar\/5e8709bcc1fadf23c2fab1048d1e185865dee801f0fd31b0dca0eef86712860a?s=96&d=mm&r=g","contentUrl":"https:\/\/secure.gravatar.com\/avatar\/5e8709bcc1fadf23c2fab1048d1e185865dee801f0fd31b0dca0eef86712860a?s=96&d=mm&r=g","caption":"Glenn Focus"},"logo":{"@id":"https:\/\/classic-uptodate.com\/#\/schema\/person\/image\/"}}]}},"_links":{"self":[{"href":"https:\/\/classic-uptodate.com\/de\/wp-json\/wp\/v2\/pages\/2794","targetHints":{"allow":["GET"]}}],"collection":[{"href":"https:\/\/classic-uptodate.com\/de\/wp-json\/wp\/v2\/pages"}],"about":[{"href":"https:\/\/classic-uptodate.com\/de\/wp-json\/wp\/v2\/types\/page"}],"author":[{"embeddable":true,"href":"https:\/\/classic-uptodate.com\/de\/wp-json\/wp\/v2\/users\/4"}],"replies":[{"embeddable":true,"href":"https:\/\/classic-uptodate.com\/de\/wp-json\/wp\/v2\/comments?post=2794"}],"version-history":[{"count":23,"href":"https:\/\/classic-uptodate.com\/de\/wp-json\/wp\/v2\/pages\/2794\/revisions"}],"predecessor-version":[{"id":10966,"href":"https:\/\/classic-uptodate.com\/de\/wp-json\/wp\/v2\/pages\/2794\/revisions\/10966"}],"wp:attachment":[{"href":"https:\/\/classic-uptodate.com\/de\/wp-json\/wp\/v2\/media?parent=2794"}],"curies":[{"name":"wp","href":"https:\/\/api.w.org\/{rel}","templated":true}]}}