{"id":5019,"date":"2023-01-26T21:29:45","date_gmt":"2023-01-26T19:29:45","guid":{"rendered":"https:\/\/classic-uptodate.com\/?page_id=5019"},"modified":"2023-01-26T21:35:56","modified_gmt":"2023-01-26T19:35:56","slug":"skladatele","status":"publish","type":"page","link":"https:\/\/classic-uptodate.com\/cs\/skladatele\/","title":{"rendered":"Skladatel\u00e9"},"content":{"rendered":"<p><strong>Skladatel\u00e9<\/strong><br \/><strong>Orchestr Classic-UpToDate<\/strong> kombinuje klasickou hudbu s rytmickou popul\u00e1rn\u00ed hudbou, stejn\u011b jako mnoho dal\u0161\u00edch skv\u011bl\u00fdch evropsk\u00fdch orchestr\u016f jako <strong>James Last<\/strong>, <strong>Andr\u00e9 Rieu<\/strong> nebo interpreti jako <strong>Andrea Bocelli<\/strong>, <strong>Pl\u00e1cido Domingo<\/strong>, <strong>Sarah Brightman<\/strong>, houslist\u00e9 <strong>Nigel Kennedy<\/strong>, <strong>Vanessa-Mae<\/strong> nebo <strong>David Garrett<\/strong> s vlastn\u00edm stylem.<\/p>\n\n\n<p><\/p>\n","protected":false},"excerpt":{"rendered":"<p>Skladatel\u00e9Orchestr Classic-UpToDate kombinuje klasickou hudbu s rytmickou popul\u00e1rn\u00ed hudbou, stejn\u011b jako mnoho dal\u0161\u00edch skv\u011bl\u00fdch evropsk\u00fdch orchestr\u016f jako James Last, Andr\u00e9 Rieu nebo interpreti jako Andrea Bocelli, Pl\u00e1cido Domingo, Sarah Brightman, houslist\u00e9 Nigel Kennedy, Vanessa-Mae nebo David Garrett s vlastn\u00edm stylem.<\/p>\n","protected":false},"author":4,"featured_media":0,"parent":0,"menu_order":0,"comment_status":"closed","ping_status":"closed","template":"template-music.php","meta":{"footnotes":""},"class_list":["post-5019","page","type-page","status-publish","hentry"],"yoast_head":"<!-- This site is optimized with the Yoast SEO plugin v26.3 - https:\/\/yoast.com\/wordpress\/plugins\/seo\/ -->\n<title>Skladatel\u00e9 - classic uptodate<\/title>\n<meta name=\"description\" content=\"Classical music with a modern edge\" \/>\n<meta name=\"robots\" content=\"index, follow, max-snippet:-1, max-image-preview:large, max-video-preview:-1\" \/>\n<link rel=\"canonical\" href=\"https:\/\/classic-uptodate.com\/cs\/skladatele\/\" \/>\n<meta property=\"og:locale\" content=\"cs_CZ\" \/>\n<meta property=\"og:type\" content=\"article\" \/>\n<meta property=\"og:title\" content=\"Skladatel\u00e9 - classic uptodate\" \/>\n<meta property=\"og:description\" content=\"Classical music with a modern edge\" \/>\n<meta property=\"og:url\" content=\"https:\/\/classic-uptodate.com\/cs\/skladatele\/\" \/>\n<meta property=\"og:site_name\" content=\"classic uptodate\" \/>\n<meta property=\"article:modified_time\" content=\"2023-01-26T19:35:56+00:00\" \/>\n<meta name=\"twitter:card\" content=\"summary_large_image\" \/>\n<meta name=\"twitter:label1\" content=\"Est. reading time\" \/>\n\t<meta name=\"twitter:data1\" content=\"1 minute\" \/>\n<script type=\"application\/ld+json\" class=\"yoast-schema-graph\">{\"@context\":\"https:\/\/schema.org\",\"@graph\":[{\"@type\":\"WebPage\",\"@id\":\"https:\/\/classic-uptodate.com\/cs\/skladatele\/\",\"url\":\"https:\/\/classic-uptodate.com\/cs\/skladatele\/\",\"name\":\"Skladatel\u00e9 - classic uptodate\",\"isPartOf\":{\"@id\":\"https:\/\/classic-uptodate.com\/#website\"},\"datePublished\":\"2023-01-26T19:29:45+00:00\",\"dateModified\":\"2023-01-26T19:35:56+00:00\",\"description\":\"Classical music with a modern edge\",\"breadcrumb\":{\"@id\":\"https:\/\/classic-uptodate.com\/cs\/skladatele\/#breadcrumb\"},\"inLanguage\":\"cs-CZ\",\"potentialAction\":[{\"@type\":\"ReadAction\",\"target\":[\"https:\/\/classic-uptodate.com\/cs\/skladatele\/\"]}]},{\"@type\":\"BreadcrumbList\",\"@id\":\"https:\/\/classic-uptodate.com\/cs\/skladatele\/#breadcrumb\",\"itemListElement\":[{\"@type\":\"ListItem\",\"position\":1,\"name\":\"Startseite\",\"item\":\"https:\/\/classic-uptodate.com\/cs\/\"},{\"@type\":\"ListItem\",\"position\":2,\"name\":\"Skladatel\u00e9\"}]},{\"@type\":\"WebSite\",\"@id\":\"https:\/\/classic-uptodate.com\/#website\",\"url\":\"https:\/\/classic-uptodate.com\/\",\"name\":\"classic uptodate\",\"description\":\"Classical music with a modern edge\",\"publisher\":{\"@id\":\"https:\/\/classic-uptodate.com\/#\/schema\/person\/511fff2aedb7777c03f60a046444f038\"},\"potentialAction\":[{\"@type\":\"SearchAction\",\"target\":{\"@type\":\"EntryPoint\",\"urlTemplate\":\"https:\/\/classic-uptodate.com\/?s={search_term_string}\"},\"query-input\":{\"@type\":\"PropertyValueSpecification\",\"valueRequired\":true,\"valueName\":\"search_term_string\"}}],\"inLanguage\":\"cs-CZ\"},{\"@type\":[\"Person\",\"Organization\"],\"@id\":\"https:\/\/classic-uptodate.com\/#\/schema\/person\/511fff2aedb7777c03f60a046444f038\",\"name\":\"Glenn Focus\",\"image\":{\"@type\":\"ImageObject\",\"inLanguage\":\"cs-CZ\",\"@id\":\"https:\/\/classic-uptodate.com\/#\/schema\/person\/image\/\",\"url\":\"https:\/\/secure.gravatar.com\/avatar\/5e8709bcc1fadf23c2fab1048d1e185865dee801f0fd31b0dca0eef86712860a?s=96&d=mm&r=g\",\"contentUrl\":\"https:\/\/secure.gravatar.com\/avatar\/5e8709bcc1fadf23c2fab1048d1e185865dee801f0fd31b0dca0eef86712860a?s=96&d=mm&r=g\",\"caption\":\"Glenn Focus\"},\"logo\":{\"@id\":\"https:\/\/classic-uptodate.com\/#\/schema\/person\/image\/\"}}]}<\/script>\n<!-- \/ Yoast SEO plugin. -->","yoast_head_json":{"title":"Skladatel\u00e9 - classic uptodate","description":"Classical music with a modern edge","robots":{"index":"index","follow":"follow","max-snippet":"max-snippet:-1","max-image-preview":"max-image-preview:large","max-video-preview":"max-video-preview:-1"},"canonical":"https:\/\/classic-uptodate.com\/cs\/skladatele\/","og_locale":"cs_CZ","og_type":"article","og_title":"Skladatel\u00e9 - classic uptodate","og_description":"Classical music with a modern edge","og_url":"https:\/\/classic-uptodate.com\/cs\/skladatele\/","og_site_name":"classic uptodate","article_modified_time":"2023-01-26T19:35:56+00:00","twitter_card":"summary_large_image","twitter_misc":{"Est. reading time":"1 minute"},"schema":{"@context":"https:\/\/schema.org","@graph":[{"@type":"WebPage","@id":"https:\/\/classic-uptodate.com\/cs\/skladatele\/","url":"https:\/\/classic-uptodate.com\/cs\/skladatele\/","name":"Skladatel\u00e9 - classic uptodate","isPartOf":{"@id":"https:\/\/classic-uptodate.com\/#website"},"datePublished":"2023-01-26T19:29:45+00:00","dateModified":"2023-01-26T19:35:56+00:00","description":"Classical music with a modern edge","breadcrumb":{"@id":"https:\/\/classic-uptodate.com\/cs\/skladatele\/#breadcrumb"},"inLanguage":"cs-CZ","potentialAction":[{"@type":"ReadAction","target":["https:\/\/classic-uptodate.com\/cs\/skladatele\/"]}]},{"@type":"BreadcrumbList","@id":"https:\/\/classic-uptodate.com\/cs\/skladatele\/#breadcrumb","itemListElement":[{"@type":"ListItem","position":1,"name":"Startseite","item":"https:\/\/classic-uptodate.com\/cs\/"},{"@type":"ListItem","position":2,"name":"Skladatel\u00e9"}]},{"@type":"WebSite","@id":"https:\/\/classic-uptodate.com\/#website","url":"https:\/\/classic-uptodate.com\/","name":"classic uptodate","description":"Classical music with a modern edge","publisher":{"@id":"https:\/\/classic-uptodate.com\/#\/schema\/person\/511fff2aedb7777c03f60a046444f038"},"potentialAction":[{"@type":"SearchAction","target":{"@type":"EntryPoint","urlTemplate":"https:\/\/classic-uptodate.com\/?s={search_term_string}"},"query-input":{"@type":"PropertyValueSpecification","valueRequired":true,"valueName":"search_term_string"}}],"inLanguage":"cs-CZ"},{"@type":["Person","Organization"],"@id":"https:\/\/classic-uptodate.com\/#\/schema\/person\/511fff2aedb7777c03f60a046444f038","name":"Glenn Focus","image":{"@type":"ImageObject","inLanguage":"cs-CZ","@id":"https:\/\/classic-uptodate.com\/#\/schema\/person\/image\/","url":"https:\/\/secure.gravatar.com\/avatar\/5e8709bcc1fadf23c2fab1048d1e185865dee801f0fd31b0dca0eef86712860a?s=96&d=mm&r=g","contentUrl":"https:\/\/secure.gravatar.com\/avatar\/5e8709bcc1fadf23c2fab1048d1e185865dee801f0fd31b0dca0eef86712860a?s=96&d=mm&r=g","caption":"Glenn Focus"},"logo":{"@id":"https:\/\/classic-uptodate.com\/#\/schema\/person\/image\/"}}]}},"_links":{"self":[{"href":"https:\/\/classic-uptodate.com\/cs\/wp-json\/wp\/v2\/pages\/5019","targetHints":{"allow":["GET"]}}],"collection":[{"href":"https:\/\/classic-uptodate.com\/cs\/wp-json\/wp\/v2\/pages"}],"about":[{"href":"https:\/\/classic-uptodate.com\/cs\/wp-json\/wp\/v2\/types\/page"}],"author":[{"embeddable":true,"href":"https:\/\/classic-uptodate.com\/cs\/wp-json\/wp\/v2\/users\/4"}],"replies":[{"embeddable":true,"href":"https:\/\/classic-uptodate.com\/cs\/wp-json\/wp\/v2\/comments?post=5019"}],"version-history":[{"count":3,"href":"https:\/\/classic-uptodate.com\/cs\/wp-json\/wp\/v2\/pages\/5019\/revisions"}],"predecessor-version":[{"id":5040,"href":"https:\/\/classic-uptodate.com\/cs\/wp-json\/wp\/v2\/pages\/5019\/revisions\/5040"}],"wp:attachment":[{"href":"https:\/\/classic-uptodate.com\/cs\/wp-json\/wp\/v2\/media?parent=5019"}],"curies":[{"name":"wp","href":"https:\/\/api.w.org\/{rel}","templated":true}]}}